{"id":1266,"date":"2024-10-20T12:23:36","date_gmt":"2024-10-20T12:23:36","guid":{"rendered":"http:\/\/strona.paolaproject.pl\/?page_id=1266"},"modified":"2025-01-26T18:27:09","modified_gmt":"2025-01-26T18:27:09","slug":"realizacja-studio-beauty","status":"publish","type":"page","link":"https:\/\/strona.paolaproject.pl\/?page_id=1266","title":{"rendered":"Realizacja Studio Beauty"},"content":{"rendered":"\t\t<div data-elementor-type=\"wp-page\" data-elementor-id=\"1266\" class=\"elementor elementor-1266\" data-elementor-post-type=\"page\">\n\t\t\t\t<div class=\"elementor-element elementor-element-7da5ad2 e-flex e-con-boxed e-con e-parent\" data-id=\"7da5ad2\" data-element_type=\"container\">\n\t\t\t\t\t<div class=\"e-con-inner\">\n\t\t\t\t<div class=\"elementor-element elementor-element-5e19c30 elementor-widget elementor-widget-heading\" data-id=\"5e19c30\" data-element_type=\"widget\" data-widget_type=\"heading.default\">\n\t\t\t\t<div class=\"elementor-widget-container\">\n\t\t\t\t\t<h3 class=\"elementor-heading-title elementor-size-default\">Zapoznaj si\u0119 z realizacj\u0105<\/h3>\t\t\t\t<\/div>\n\t\t\t\t<\/div>\n\t\t\t\t<div class=\"elementor-element elementor-element-0bff685 elementor-widget elementor-widget-heading\" data-id=\"0bff685\" data-element_type=\"widget\" data-widget_type=\"heading.default\">\n\t\t\t\t<div class=\"elementor-widget-container\">\n\t\t\t\t\t<h2 class=\"elementor-heading-title elementor-size-default\">BEAUTY STUDIO<\/h2>\t\t\t\t<\/div>\n\t\t\t\t<\/div>\n\t\t\t\t<div class=\"elementor-element elementor-element-5cb01c1 elementor-icon-list--layout-inline elementor-align-center elementor-list-item-link-full_width elementor-widget elementor-widget-icon-list\" data-id=\"5cb01c1\" data-element_type=\"widget\" data-widget_type=\"icon-list.default\">\n\t\t\t\t<div class=\"elementor-widget-container\">\n\t\t\t\t\t\t\t<ul class=\"elementor-icon-list-items elementor-inline-items\">\n\t\t\t\t\t\t\t<li class=\"elementor-icon-list-item elementor-inline-item\">\n\t\t\t\t\t\t\t\t\t\t<span class=\"elementor-icon-list-text\">WEB DESIGN<\/span>\n\t\t\t\t\t\t\t\t\t<\/li>\n\t\t\t\t\t\t\t\t<li class=\"elementor-icon-list-item elementor-inline-item\">\n\t\t\t\t\t\t\t\t\t\t<span class=\"elementor-icon-list-text\">KODOWANIE<\/span>\n\t\t\t\t\t\t\t\t\t<\/li>\n\t\t\t\t\t\t\t\t<li class=\"elementor-icon-list-item elementor-inline-item\">\n\t\t\t\t\t\t\t\t\t\t<span class=\"elementor-icon-list-text\">STRONA INTERNETOWA<\/span>\n\t\t\t\t\t\t\t\t\t<\/li>\n\t\t\t\t\t\t<\/ul>\n\t\t\t\t\t\t<\/div>\n\t\t\t\t<\/div>\n\t\t\t\t\t<\/div>\n\t\t\t\t<\/div>\n\t\t<div class=\"elementor-element elementor-element-a693038 e-con-full e-flex e-con e-parent\" data-id=\"a693038\" data-element_type=\"container\">\n\t\t<div class=\"elementor-element elementor-element-ef4e9ee e-con-full e-flex e-con e-child\" data-id=\"ef4e9ee\" data-element_type=\"container\" data-settings=\"{&quot;background_background&quot;:&quot;classic&quot;}\">\n\t\t<div class=\"elementor-element elementor-element-5fb3106 e-con-full e-flex e-con e-child\" data-id=\"5fb3106\" data-element_type=\"container\">\n\t\t\t\t<div class=\"elementor-element elementor-element-8fb0734 elementor-widget__width-initial elementor-invisible elementor-widget elementor-widget-heading\" data-id=\"8fb0734\" data-element_type=\"widget\" data-settings=\"{&quot;_animation&quot;:&quot;fadeIn&quot;}\" data-widget_type=\"heading.default\">\n\t\t\t\t<div class=\"elementor-widget-container\">\n\t\t\t\t\t<h2 class=\"elementor-heading-title elementor-size-default\">Realizacja <b>strony internetowej<\/b> dla salonu medycyny estetycznej \u2013 <b><span style=\"color:#C51B2E\">Studio Beauty<\/span><\/b><\/h2>\t\t\t\t<\/div>\n\t\t\t\t<\/div>\n\t\t\t\t<div class=\"elementor-element elementor-element-175b0b6 elementor-widget elementor-widget-text-editor\" data-id=\"175b0b6\" data-element_type=\"widget\" data-widget_type=\"text-editor.default\">\n\t\t\t\t<div class=\"elementor-widget-container\">\n\t\t\t\t\t\t\t\t\t<p>Studio Beauty to renomowany salon medycyny estetycznej, oferuj\u0105cy zaawansowane zabiegi piel\u0119gnacyjne oraz estetyczne.<\/p><p>Moim zadaniem by\u0142o stworzenie strony internetowej, kt\u00f3ra nie tylko odzwierciedla presti\u017c i profesjonalizm marki, ale tak\u017ce wspiera budowanie wizerunku online, przyci\u0105ga klient\u00f3w i zapewnia \u0142atwy dost\u0119p do oferty.<\/p>\t\t\t\t\t\t\t\t<\/div>\n\t\t\t\t<\/div>\n\t\t\t\t<div class=\"elementor-element elementor-element-8803722 elementor-align-left button elementor-widget elementor-widget-button\" data-id=\"8803722\" data-element_type=\"widget\" data-widget_type=\"button.default\">\n\t\t\t\t<div class=\"elementor-widget-container\">\n\t\t\t\t\t\t\t\t\t<div class=\"elementor-button-wrapper\">\n\t\t\t\t\t<a class=\"elementor-button elementor-button-link elementor-size-sm\" href=\"https:\/\/studiobeauty.com.pl\/\">\n\t\t\t\t\t\t<span class=\"elementor-button-content-wrapper\">\n\t\t\t\t\t\t\t\t\t<span class=\"elementor-button-text\">Zobacz realizacj\u0119 live<\/span>\n\t\t\t\t\t<\/span>\n\t\t\t\t\t<\/a>\n\t\t\t\t<\/div>\n\t\t\t\t\t\t\t\t<\/div>\n\t\t\t\t<\/div>\n\t\t\t\t<\/div>\n\t\t\t\t<\/div>\n\t\t<div class=\"elementor-element elementor-element-c46fb91 e-con-full e-flex e-con e-child\" data-id=\"c46fb91\" data-element_type=\"container\">\n\t\t\t\t<div class=\"elementor-element elementor-element-85ee6b5 elementor-widget elementor-widget-image\" data-id=\"85ee6b5\" data-element_type=\"widget\" data-widget_type=\"image.default\">\n\t\t\t\t<div class=\"elementor-widget-container\">\n\t\t\t\t\t\t\t\t\t\t\t\t\t\t\t<img fetchpriority=\"high\" decoding=\"async\" width=\"1000\" height=\"1000\" src=\"https:\/\/strona.paolaproject.pl\/wp-content\/uploads\/2025\/01\/realizacja-Beauty-Studio.webp\" class=\"attachment-full size-full wp-image-1480\" alt=\"\" srcset=\"https:\/\/strona.paolaproject.pl\/wp-content\/uploads\/2025\/01\/realizacja-Beauty-Studio.webp 1000w, https:\/\/strona.paolaproject.pl\/wp-content\/uploads\/2025\/01\/realizacja-Beauty-Studio-300x300.webp 300w, https:\/\/strona.paolaproject.pl\/wp-content\/uploads\/2025\/01\/realizacja-Beauty-Studio-150x150.webp 150w, https:\/\/strona.paolaproject.pl\/wp-content\/uploads\/2025\/01\/realizacja-Beauty-Studio-768x768.webp 768w\" sizes=\"(max-width: 1000px) 100vw, 1000px\" \/>\t\t\t\t\t\t\t\t\t\t\t\t\t\t\t<\/div>\n\t\t\t\t<\/div>\n\t\t\t\t<\/div>\n\t\t\t\t<\/div>\n\t\t<div class=\"elementor-element elementor-element-d6a2c7d e-flex e-con-boxed e-con e-parent\" data-id=\"d6a2c7d\" data-element_type=\"container\" data-settings=\"{&quot;background_background&quot;:&quot;classic&quot;}\">\n\t\t\t\t\t<div class=\"e-con-inner\">\n\t\t<div class=\"elementor-element elementor-element-5441958 e-con-full e-flex e-con e-child\" data-id=\"5441958\" data-element_type=\"container\">\n\t\t\t\t<\/div>\n\t\t\t\t\t<\/div>\n\t\t\t\t<\/div>\n\t\t<div class=\"elementor-element elementor-element-2d81824 e-flex e-con-boxed e-con e-parent\" data-id=\"2d81824\" data-element_type=\"container\" data-settings=\"{&quot;background_background&quot;:&quot;classic&quot;}\">\n\t\t\t\t\t<div class=\"e-con-inner\">\n\t\t<div class=\"elementor-element elementor-element-e918053 e-flex e-con-boxed e-con e-child\" data-id=\"e918053\" data-element_type=\"container\">\n\t\t\t\t\t<div class=\"e-con-inner\">\n\t\t<div class=\"elementor-element elementor-element-b104cae e-con-full e-flex e-con e-child\" data-id=\"b104cae\" data-element_type=\"container\" data-settings=\"{&quot;background_background&quot;:&quot;video&quot;,&quot;background_video_link&quot;:&quot;https:\\\/\\\/strona.paolaproject.pl\\\/wp-content\\\/uploads\\\/2025\\\/01\\\/mockup-beauty-studio.mp4&quot;,&quot;background_play_on_mobile&quot;:&quot;yes&quot;}\">\n\t\t<div class=\"elementor-background-video-container\" aria-hidden=\"true\">\n\t\t\t\t\t\t\t<video class=\"elementor-background-video-hosted\" autoplay muted playsinline loop><\/video>\n\t\t\t\t\t<\/div>\t\t<\/div>\n\t\t<div class=\"elementor-element elementor-element-f874c14 e-con-full e-flex e-con e-child\" data-id=\"f874c14\" data-element_type=\"container\">\n\t\t\t\t<div class=\"elementor-element elementor-element-dadf312 elementor-position-left elementor-mobile-position-left elementor-view-default elementor-widget elementor-widget-icon-box\" data-id=\"dadf312\" data-element_type=\"widget\" data-widget_type=\"icon-box.default\">\n\t\t\t\t<div class=\"elementor-widget-container\">\n\t\t\t\t\t\t\t<div class=\"elementor-icon-box-wrapper\">\n\n\t\t\t\t\t\t<div class=\"elementor-icon-box-icon\">\n\t\t\t\t<span  class=\"elementor-icon\">\n\t\t\t\t<svg xmlns=\"http:\/\/www.w3.org\/2000\/svg\" width=\"800px\" height=\"800px\" viewBox=\"0 0 64 64\" fill=\"none\" stroke=\"#000000\"><polyline points=\"24 40 32 32 24 24\"><\/polyline><polyline points=\"32 40 40 32 32 24\"><\/polyline><\/svg>\t\t\t\t<\/span>\n\t\t\t<\/div>\n\t\t\t\n\t\t\t\t\t\t<div class=\"elementor-icon-box-content\">\n\n\t\t\t\t\t\t\t\t\t<h3 class=\"elementor-icon-box-title\">\n\t\t\t\t\t\t<span  >\n\t\t\t\t\t\t\tNowoczesny i elegancki design\t\t\t\t\t\t<\/span>\n\t\t\t\t\t<\/h3>\n\t\t\t\t\n\t\t\t\t\t\t\t\t\t<p class=\"elementor-icon-box-description\">\n\t\t\t\t\t\tstrona zosta\u0142a zaprojektowana w minimalistycznym, ale wyrafinowanym stylu, kt\u00f3ry oddaje luksusowy charakter salonu. Postawili\u015bmy na harmonijn\u0105 kolorystyk\u0119, subtelne animacje oraz wysokiej jako\u015bci zdj\u0119cia, kt\u00f3re buduj\u0105 przyjemne wra\u017cenie wizualne.\t\t\t\t\t<\/p>\n\t\t\t\t\n\t\t\t<\/div>\n\t\t\t\n\t\t<\/div>\n\t\t\t\t\t\t<\/div>\n\t\t\t\t<\/div>\n\t\t\t\t<div class=\"elementor-element elementor-element-70183aa elementor-position-left elementor-mobile-position-left elementor-view-default elementor-widget elementor-widget-icon-box\" data-id=\"70183aa\" data-element_type=\"widget\" data-widget_type=\"icon-box.default\">\n\t\t\t\t<div class=\"elementor-widget-container\">\n\t\t\t\t\t\t\t<div class=\"elementor-icon-box-wrapper\">\n\n\t\t\t\t\t\t<div class=\"elementor-icon-box-icon\">\n\t\t\t\t<span  class=\"elementor-icon\">\n\t\t\t\t<svg xmlns=\"http:\/\/www.w3.org\/2000\/svg\" width=\"800px\" height=\"800px\" viewBox=\"0 0 64 64\" fill=\"none\" stroke=\"#000000\"><polyline points=\"24 40 32 32 24 24\"><\/polyline><polyline points=\"32 40 40 32 32 24\"><\/polyline><\/svg>\t\t\t\t<\/span>\n\t\t\t<\/div>\n\t\t\t\n\t\t\t\t\t\t<div class=\"elementor-icon-box-content\">\n\n\t\t\t\t\t\t\t\t\t<h3 class=\"elementor-icon-box-title\">\n\t\t\t\t\t\t<span  >\n\t\t\t\t\t\t\tIntuicyjna nawigacja\t\t\t\t\t\t<\/span>\n\t\t\t\t\t<\/h3>\n\t\t\t\t\n\t\t\t\t\t\t\t\t\t<p class=\"elementor-icon-box-description\">\n\t\t\t\t\t\tklienci Studio Beauty mog\u0105 \u0142atwo porusza\u0107 si\u0119 po stronie, odnajduj\u0105c szybko interesuj\u0105ce ich us\u0142ugi oraz cennik\t\t\t\t\t<\/p>\n\t\t\t\t\n\t\t\t<\/div>\n\t\t\t\n\t\t<\/div>\n\t\t\t\t\t\t<\/div>\n\t\t\t\t<\/div>\n\t\t\t\t<div class=\"elementor-element elementor-element-19ce236 elementor-position-left elementor-mobile-position-left elementor-view-default elementor-widget elementor-widget-icon-box\" data-id=\"19ce236\" data-element_type=\"widget\" data-widget_type=\"icon-box.default\">\n\t\t\t\t<div class=\"elementor-widget-container\">\n\t\t\t\t\t\t\t<div class=\"elementor-icon-box-wrapper\">\n\n\t\t\t\t\t\t<div class=\"elementor-icon-box-icon\">\n\t\t\t\t<span  class=\"elementor-icon\">\n\t\t\t\t<svg xmlns=\"http:\/\/www.w3.org\/2000\/svg\" width=\"800px\" height=\"800px\" viewBox=\"0 0 64 64\" fill=\"none\" stroke=\"#000000\"><polyline points=\"24 40 32 32 24 24\"><\/polyline><polyline points=\"32 40 40 32 32 24\"><\/polyline><\/svg>\t\t\t\t<\/span>\n\t\t\t<\/div>\n\t\t\t\n\t\t\t\t\t\t<div class=\"elementor-icon-box-content\">\n\n\t\t\t\t\t\t\t\t\t<h3 class=\"elementor-icon-box-title\">\n\t\t\t\t\t\t<span  >\n\t\t\t\t\t\t\tDostosowanie do urz\u0105dze\u0144 mobilnych\t\t\t\t\t\t<\/span>\n\t\t\t\t\t<\/h3>\n\t\t\t\t\n\t\t\t\t\t\t\t\t\t<p class=\"elementor-icon-box-description\">\n\t\t\t\t\t\tstrona zosta\u0142a w pe\u0142ni zoptymalizowana pod k\u0105tem urz\u0105dze\u0144 mobilnych, co zapewnia wygodny dost\u0119p z ka\u017cdego miejsca, bez wzgl\u0119du na to, czy u\u017cytkownicy korzystaj\u0105 z telefonu, tabletu czy komputera.\t\t\t\t\t<\/p>\n\t\t\t\t\n\t\t\t<\/div>\n\t\t\t\n\t\t<\/div>\n\t\t\t\t\t\t<\/div>\n\t\t\t\t<\/div>\n\t\t\t\t<div class=\"elementor-element elementor-element-17a304f elementor-position-left elementor-mobile-position-left elementor-view-default elementor-widget elementor-widget-icon-box\" data-id=\"17a304f\" data-element_type=\"widget\" data-widget_type=\"icon-box.default\">\n\t\t\t\t<div class=\"elementor-widget-container\">\n\t\t\t\t\t\t\t<div class=\"elementor-icon-box-wrapper\">\n\n\t\t\t\t\t\t<div class=\"elementor-icon-box-icon\">\n\t\t\t\t<span  class=\"elementor-icon\">\n\t\t\t\t<svg xmlns=\"http:\/\/www.w3.org\/2000\/svg\" width=\"800px\" height=\"800px\" viewBox=\"0 0 64 64\" fill=\"none\" stroke=\"#000000\"><polyline points=\"24 40 32 32 24 24\"><\/polyline><polyline points=\"32 40 40 32 32 24\"><\/polyline><\/svg>\t\t\t\t<\/span>\n\t\t\t<\/div>\n\t\t\t\n\t\t\t\t\t\t<div class=\"elementor-icon-box-content\">\n\n\t\t\t\t\t\t\t\t\t<h3 class=\"elementor-icon-box-title\">\n\t\t\t\t\t\t<span  >\n\t\t\t\t\t\t\tSzybko\u015b\u0107 \u0142adowania strony\t\t\t\t\t\t<\/span>\n\t\t\t\t\t<\/h3>\n\t\t\t\t\n\t\t\t\t\t\t\t\t\t<p class=\"elementor-icon-box-description\">\n\t\t\t\t\t\tlluczowym elementem by\u0142a optymalizacja szybko\u015bci \u0142adowania strony, co bezpo\u015brednio wp\u0142ywa na zadowolenie u\u017cytkownik\u00f3w oraz pozycje w wynikach wyszukiwania. \t\t\t\t\t<\/p>\n\t\t\t\t\n\t\t\t<\/div>\n\t\t\t\n\t\t<\/div>\n\t\t\t\t\t\t<\/div>\n\t\t\t\t<\/div>\n\t\t\t\t<\/div>\n\t\t\t\t\t<\/div>\n\t\t\t\t<\/div>\n\t\t\t\t\t<\/div>\n\t\t\t\t<\/div>\n\t\t<div class=\"elementor-element elementor-element-676336e e-flex e-con-boxed e-con e-parent\" data-id=\"676336e\" data-element_type=\"container\" data-settings=\"{&quot;background_background&quot;:&quot;gradient&quot;}\">\n\t\t\t\t\t<div class=\"e-con-inner\">\n\t\t<div class=\"elementor-element elementor-element-32a9aaa e-con-full e-flex e-con e-child\" data-id=\"32a9aaa\" data-element_type=\"container\" data-settings=\"{&quot;background_background&quot;:&quot;classic&quot;}\">\n\t\t\t\t<div class=\"elementor-element elementor-element-c48a7d2 elementor-widget__width-initial elementor-widget elementor-widget-image\" data-id=\"c48a7d2\" data-element_type=\"widget\" data-widget_type=\"image.default\">\n\t\t\t\t<div class=\"elementor-widget-container\">\n\t\t\t\t\t\t\t\t\t\t\t\t\t\t\t<img decoding=\"async\" width=\"667\" height=\"2560\" src=\"https:\/\/strona.paolaproject.pl\/wp-content\/uploads\/2025\/01\/screen-Beauty-Studio-scaled.webp\" class=\"attachment-full size-full wp-image-1481\" alt=\"\" srcset=\"https:\/\/strona.paolaproject.pl\/wp-content\/uploads\/2025\/01\/screen-Beauty-Studio-scaled.webp 667w, https:\/\/strona.paolaproject.pl\/wp-content\/uploads\/2025\/01\/screen-Beauty-Studio-78x300.webp 78w, https:\/\/strona.paolaproject.pl\/wp-content\/uploads\/2025\/01\/screen-Beauty-Studio-267x1024.webp 267w, https:\/\/strona.paolaproject.pl\/wp-content\/uploads\/2025\/01\/screen-Beauty-Studio-768x2947.webp 768w, https:\/\/strona.paolaproject.pl\/wp-content\/uploads\/2025\/01\/screen-Beauty-Studio-400x1536.webp 400w\" sizes=\"(max-width: 667px) 100vw, 667px\" \/>\t\t\t\t\t\t\t\t\t\t\t\t\t\t\t<\/div>\n\t\t\t\t<\/div>\n\t\t\t\t<\/div>\n\t\t<div class=\"elementor-element elementor-element-7303930 e-con-full e-flex e-con e-child\" data-id=\"7303930\" data-element_type=\"container\" data-settings=\"{&quot;background_background&quot;:&quot;classic&quot;}\">\n\t\t\t\t<div class=\"elementor-element elementor-element-74840f8 elementor-widget elementor-widget-heading\" data-id=\"74840f8\" data-element_type=\"widget\" data-widget_type=\"heading.default\">\n\t\t\t\t<div class=\"elementor-widget-container\">\n\t\t\t\t\t<h3 class=\"elementor-heading-title elementor-size-default\">Efekty, kt\u00f3re m\u00f3wi\u0105 same za siebie<\/h3>\t\t\t\t<\/div>\n\t\t\t\t<\/div>\n\t\t\t\t<div class=\"elementor-element elementor-element-eb608fd elementor-widget elementor-widget-heading\" data-id=\"eb608fd\" data-element_type=\"widget\" data-widget_type=\"heading.default\">\n\t\t\t\t<div class=\"elementor-widget-container\">\n\t\t\t\t\t<h2 class=\"elementor-heading-title elementor-size-default\">Rezultaty pracy<\/h2>\t\t\t\t<\/div>\n\t\t\t\t<\/div>\n\t\t\t\t<div class=\"elementor-element elementor-element-3a47514 elementor-widget__width-initial elementor-widget elementor-widget-text-editor\" data-id=\"3a47514\" data-element_type=\"widget\" data-widget_type=\"text-editor.default\">\n\t\t\t\t<div class=\"elementor-widget-container\">\n\t\t\t\t\t\t\t\t\t<p>Dzi\u0119ki mojej pracy Studio Beauty mo\u017ce teraz skutecznie prezentowa\u0107 swoje us\u0142ugi online, przyci\u0105ga\u0107 nowych klient\u00f3w oraz budowa\u0107 siln\u0105 pozycj\u0119 na rynku medycyny estetycznej.\u00a0<\/p><p>Strona sta\u0142a si\u0119 nie tylko wizyt\u00f3wk\u0105 salonu, ale tak\u017ce narz\u0119dziem do efektywnej komunikacji z klientami.<\/p><p><span style=\"background-color: transparent;\">Ps. Przesu\u0144 kursorem na obraz, aby zobaczy\u0107 podgl\u0105d strony internetowej dla salonu medycyny estetycznej.<\/span><\/p>\t\t\t\t\t\t\t\t<\/div>\n\t\t\t\t<\/div>\n\t\t\t\t<\/div>\n\t\t\t\t\t<\/div>\n\t\t\t\t<\/div>\n\t\t<div class=\"elementor-element elementor-element-fc68865 e-flex e-con-boxed e-con e-parent\" data-id=\"fc68865\" data-element_type=\"container\" data-settings=\"{&quot;background_background&quot;:&quot;classic&quot;}\">\n\t\t\t\t\t<div class=\"e-con-inner\">\n\t\t<div class=\"elementor-element elementor-element-51af1d8 e-con-full e-flex e-con e-child\" data-id=\"51af1d8\" data-element_type=\"container\">\n\t\t\t\t<div class=\"elementor-element elementor-element-f61858b button elementor-widget elementor-widget-button\" data-id=\"f61858b\" data-element_type=\"widget\" data-widget_type=\"button.default\">\n\t\t\t\t<div class=\"elementor-widget-container\">\n\t\t\t\t\t\t\t\t\t<div class=\"elementor-button-wrapper\">\n\t\t\t\t\t<a class=\"elementor-button elementor-button-link elementor-size-sm\" href=\"#\">\n\t\t\t\t\t\t<span class=\"elementor-button-content-wrapper\">\n\t\t\t\t\t\t\t\t\t<span class=\"elementor-button-text\">Skontaktuj si\u0119 ze mn\u0105<\/span>\n\t\t\t\t\t<\/span>\n\t\t\t\t\t<\/a>\n\t\t\t\t<\/div>\n\t\t\t\t\t\t\t\t<\/div>\n\t\t\t\t<\/div>\n\t\t\t\t<\/div>\n\t\t<div class=\"elementor-element elementor-element-8761c24 e-con-full e-flex e-con e-child\" data-id=\"8761c24\" data-element_type=\"container\">\n\t\t\t\t<div class=\"elementor-element elementor-element-806481e elementor-widget__width-initial elementor-invisible elementor-widget elementor-widget-heading\" data-id=\"806481e\" data-element_type=\"widget\" data-settings=\"{&quot;_animation&quot;:&quot;fadeIn&quot;}\" data-widget_type=\"heading.default\">\n\t\t\t\t<div class=\"elementor-widget-container\">\n\t\t\t\t\t<h2 class=\"elementor-heading-title elementor-size-default\">Zobacz, jak <i>stworz\u0119 stron\u0119<\/i>, kt\u00f3ra  <b>podkre\u015bli wyj\u0105tkowo\u015b\u0107<\/b> <i>Twojej<\/i> <b>marki<\/b>!<\/h2>\t\t\t\t<\/div>\n\t\t\t\t<\/div>\n\t\t\t\t<\/div>\n\t\t\t\t\t<\/div>\n\t\t\t\t<\/div>\n\t\t\t\t<\/div>\n\t\t","protected":false},"excerpt":{"rendered":"<p>Zapoznaj si\u0119 z realizacj\u0105 BEAUTY STUDIO WEB DESIGN KODOWANIE STRONA INTERNETOWA Realizacja strony internetowej dla salonu medycyny estetycznej \u2013 Studio Beauty Studio Beauty to renomowany salon medycyny estetycznej, oferuj\u0105cy zaawansowane zabiegi piel\u0119gnacyjne oraz estetyczne. Moim zadaniem by\u0142o stworzenie strony internetowej, kt\u00f3ra nie tylko odzwierciedla presti\u017c i profesjonalizm marki, ale tak\u017ce wspiera budowanie wizerunku online, przyci\u0105ga [&hellip;]<\/p>\n","protected":false},"author":1,"featured_media":0,"parent":0,"menu_order":0,"comment_status":"closed","ping_status":"closed","template":"","meta":{"footnotes":""},"class_list":["post-1266","page","type-page","status-publish","hentry"],"_links":{"self":[{"href":"https:\/\/strona.paolaproject.pl\/index.php?rest_route=\/wp\/v2\/pages\/1266","targetHints":{"allow":["GET"]}}],"collection":[{"href":"https:\/\/strona.paolaproject.pl\/index.php?rest_route=\/wp\/v2\/pages"}],"about":[{"href":"https:\/\/strona.paolaproject.pl\/index.php?rest_route=\/wp\/v2\/types\/page"}],"author":[{"embeddable":true,"href":"https:\/\/strona.paolaproject.pl\/index.php?rest_route=\/wp\/v2\/users\/1"}],"replies":[{"embeddable":true,"href":"https:\/\/strona.paolaproject.pl\/index.php?rest_route=%2Fwp%2Fv2%2Fcomments&post=1266"}],"version-history":[{"count":0,"href":"https:\/\/strona.paolaproject.pl\/index.php?rest_route=\/wp\/v2\/pages\/1266\/revisions"}],"wp:attachment":[{"href":"https:\/\/strona.paolaproject.pl\/index.php?rest_route=%2Fwp%2Fv2%2Fmedia&parent=1266"}],"curies":[{"name":"wp","href":"https:\/\/api.w.org\/{rel}","templated":true}]}}