{"id":1630,"date":"2025-01-20T12:42:00","date_gmt":"2025-01-20T12:42:00","guid":{"rendered":"http:\/\/strona.paolaproject.pl\/?page_id=1630"},"modified":"2025-01-26T18:46:34","modified_gmt":"2025-01-26T18:46:34","slug":"realizacja-sklepu-latarka-taktyczna","status":"publish","type":"page","link":"https:\/\/strona.paolaproject.pl\/?page_id=1630","title":{"rendered":"Realizacja sklepu Latarka Taktyczna"},"content":{"rendered":"\t\t<div data-elementor-type=\"wp-page\" data-elementor-id=\"1630\" class=\"elementor elementor-1630\" data-elementor-post-type=\"page\">\n\t\t\t\t<div class=\"elementor-element elementor-element-c2b33af e-flex e-con-boxed e-con e-parent\" data-id=\"c2b33af\" data-element_type=\"container\">\n\t\t\t\t\t<div class=\"e-con-inner\">\n\t\t\t\t<div class=\"elementor-element elementor-element-9466e79 elementor-widget elementor-widget-heading\" data-id=\"9466e79\" data-element_type=\"widget\" data-widget_type=\"heading.default\">\n\t\t\t\t<div class=\"elementor-widget-container\">\n\t\t\t\t\t<h3 class=\"elementor-heading-title elementor-size-default\">Zapoznaj si\u0119 z realizacj\u0105<\/h3>\t\t\t\t<\/div>\n\t\t\t\t<\/div>\n\t\t\t\t<div class=\"elementor-element elementor-element-4a181a3 elementor-widget elementor-widget-heading\" data-id=\"4a181a3\" data-element_type=\"widget\" data-widget_type=\"heading.default\">\n\t\t\t\t<div class=\"elementor-widget-container\">\n\t\t\t\t\t<h2 class=\"elementor-heading-title elementor-size-default\">LATARKA TAKTYCZNA<\/h2>\t\t\t\t<\/div>\n\t\t\t\t<\/div>\n\t\t\t\t<div class=\"elementor-element elementor-element-ab8a98e elementor-icon-list--layout-inline elementor-align-center elementor-list-item-link-full_width elementor-widget elementor-widget-icon-list\" data-id=\"ab8a98e\" data-element_type=\"widget\" data-widget_type=\"icon-list.default\">\n\t\t\t\t<div class=\"elementor-widget-container\">\n\t\t\t\t\t\t\t<ul class=\"elementor-icon-list-items elementor-inline-items\">\n\t\t\t\t\t\t\t<li class=\"elementor-icon-list-item elementor-inline-item\">\n\t\t\t\t\t\t\t\t\t\t<span class=\"elementor-icon-list-text\">WEB DESIGN<\/span>\n\t\t\t\t\t\t\t\t\t<\/li>\n\t\t\t\t\t\t\t\t<li class=\"elementor-icon-list-item elementor-inline-item\">\n\t\t\t\t\t\t\t\t\t\t<span class=\"elementor-icon-list-text\">KODOWANIE<\/span>\n\t\t\t\t\t\t\t\t\t<\/li>\n\t\t\t\t\t\t\t\t<li class=\"elementor-icon-list-item elementor-inline-item\">\n\t\t\t\t\t\t\t\t\t\t<span class=\"elementor-icon-list-text\">SKLEP INTERNETOWY<\/span>\n\t\t\t\t\t\t\t\t\t<\/li>\n\t\t\t\t\t\t<\/ul>\n\t\t\t\t\t\t<\/div>\n\t\t\t\t<\/div>\n\t\t\t\t\t<\/div>\n\t\t\t\t<\/div>\n\t\t<div class=\"elementor-element elementor-element-c3b7de3 e-con-full e-flex e-con e-parent\" data-id=\"c3b7de3\" data-element_type=\"container\">\n\t\t<div class=\"elementor-element elementor-element-abb2e63 e-con-full e-flex e-con e-child\" data-id=\"abb2e63\" data-element_type=\"container\" data-settings=\"{&quot;background_background&quot;:&quot;classic&quot;}\">\n\t\t<div class=\"elementor-element elementor-element-6f25900 e-con-full e-flex e-con e-child\" data-id=\"6f25900\" data-element_type=\"container\">\n\t\t\t\t<div class=\"elementor-element elementor-element-45728b0 elementor-widget__width-initial elementor-invisible elementor-widget elementor-widget-heading\" data-id=\"45728b0\" data-element_type=\"widget\" data-settings=\"{&quot;_animation&quot;:&quot;fadeIn&quot;}\" data-widget_type=\"heading.default\">\n\t\t\t\t<div class=\"elementor-widget-container\">\n\t\t\t\t\t<h2 class=\"elementor-heading-title elementor-size-default\">Realizacja <b>strony internetowej<\/b> dla sklepu internetowego \u2013 <b><span style=\"color:#C51B2E\">Latarka Taktyczna<\/span><\/b><\/h2>\t\t\t\t<\/div>\n\t\t\t\t<\/div>\n\t\t\t\t<div class=\"elementor-element elementor-element-c989d1c elementor-widget elementor-widget-text-editor\" data-id=\"c989d1c\" data-element_type=\"widget\" data-widget_type=\"text-editor.default\">\n\t\t\t\t<div class=\"elementor-widget-container\">\n\t\t\t\t\t\t\t\t\t<p>Latarka-Taktyczna.pl to sklep internetowy dedykowany mi\u0142o\u015bnikom niezawodnych rozwi\u0105za\u0144 o\u015bwietleniowych.\u00a0<\/p><p>Moim celem by\u0142o zaprojektowanie i wdro\u017cenie funkcjonalnego sklepu online, kt\u00f3ry nie tylko prezentuje najwy\u017cszej jako\u015bci produkty, ale tak\u017ce zapewnia wygodne i szybkie zakupy dla klient\u00f3w.<\/p>\t\t\t\t\t\t\t\t<\/div>\n\t\t\t\t<\/div>\n\t\t\t\t<div class=\"elementor-element elementor-element-ef3d44c elementor-align-left button elementor-widget elementor-widget-button\" data-id=\"ef3d44c\" data-element_type=\"widget\" data-widget_type=\"button.default\">\n\t\t\t\t<div class=\"elementor-widget-container\">\n\t\t\t\t\t\t\t\t\t<div class=\"elementor-button-wrapper\">\n\t\t\t\t\t<a class=\"elementor-button elementor-button-link elementor-size-sm\" href=\"https:\/\/latarka-taktyczna.pl\/\">\n\t\t\t\t\t\t<span class=\"elementor-button-content-wrapper\">\n\t\t\t\t\t\t\t\t\t<span class=\"elementor-button-text\">Zobacz realizacj\u0119 live<\/span>\n\t\t\t\t\t<\/span>\n\t\t\t\t\t<\/a>\n\t\t\t\t<\/div>\n\t\t\t\t\t\t\t\t<\/div>\n\t\t\t\t<\/div>\n\t\t\t\t<\/div>\n\t\t\t\t<\/div>\n\t\t<div class=\"elementor-element elementor-element-b3c2312 e-con-full e-flex e-con e-child\" data-id=\"b3c2312\" data-element_type=\"container\">\n\t\t\t\t<div class=\"elementor-element elementor-element-d57d5d1 elementor-widget elementor-widget-image\" data-id=\"d57d5d1\" data-element_type=\"widget\" data-widget_type=\"image.default\">\n\t\t\t\t<div class=\"elementor-widget-container\">\n\t\t\t\t\t\t\t\t\t\t\t\t\t\t\t<img fetchpriority=\"high\" decoding=\"async\" width=\"1080\" height=\"1080\" src=\"https:\/\/strona.paolaproject.pl\/wp-content\/uploads\/2025\/01\/Grey-Black-Modern-Digital-Product-Mockup-Shadow-Instagram-Post-1.webp\" class=\"attachment-full size-full wp-image-1862\" alt=\"\" srcset=\"https:\/\/strona.paolaproject.pl\/wp-content\/uploads\/2025\/01\/Grey-Black-Modern-Digital-Product-Mockup-Shadow-Instagram-Post-1.webp 1080w, https:\/\/strona.paolaproject.pl\/wp-content\/uploads\/2025\/01\/Grey-Black-Modern-Digital-Product-Mockup-Shadow-Instagram-Post-1-300x300.webp 300w, https:\/\/strona.paolaproject.pl\/wp-content\/uploads\/2025\/01\/Grey-Black-Modern-Digital-Product-Mockup-Shadow-Instagram-Post-1-1024x1024.webp 1024w, https:\/\/strona.paolaproject.pl\/wp-content\/uploads\/2025\/01\/Grey-Black-Modern-Digital-Product-Mockup-Shadow-Instagram-Post-1-150x150.webp 150w, https:\/\/strona.paolaproject.pl\/wp-content\/uploads\/2025\/01\/Grey-Black-Modern-Digital-Product-Mockup-Shadow-Instagram-Post-1-768x768.webp 768w\" sizes=\"(max-width: 1080px) 100vw, 1080px\" \/>\t\t\t\t\t\t\t\t\t\t\t\t\t\t\t<\/div>\n\t\t\t\t<\/div>\n\t\t\t\t<\/div>\n\t\t\t\t<\/div>\n\t\t<div class=\"elementor-element elementor-element-57033c1 e-flex e-con-boxed e-con e-parent\" data-id=\"57033c1\" data-element_type=\"container\" data-settings=\"{&quot;background_background&quot;:&quot;classic&quot;}\">\n\t\t\t\t\t<div class=\"e-con-inner\">\n\t\t<div class=\"elementor-element elementor-element-a8dda2e e-con-full e-flex e-con e-child\" data-id=\"a8dda2e\" data-element_type=\"container\">\n\t\t\t\t<\/div>\n\t\t\t\t\t<\/div>\n\t\t\t\t<\/div>\n\t\t<div class=\"elementor-element elementor-element-b7f14bd e-flex e-con-boxed e-con e-parent\" data-id=\"b7f14bd\" data-element_type=\"container\" data-settings=\"{&quot;background_background&quot;:&quot;classic&quot;}\">\n\t\t\t\t\t<div class=\"e-con-inner\">\n\t\t<div class=\"elementor-element elementor-element-37005ce e-flex e-con-boxed e-con e-child\" data-id=\"37005ce\" data-element_type=\"container\">\n\t\t\t\t\t<div class=\"e-con-inner\">\n\t\t<div class=\"elementor-element elementor-element-71a6bfe e-con-full e-flex e-con e-child\" data-id=\"71a6bfe\" data-element_type=\"container\" data-settings=\"{&quot;background_background&quot;:&quot;video&quot;,&quot;background_video_link&quot;:&quot;https:\\\/\\\/strona.paolaproject.pl\\\/wp-content\\\/uploads\\\/2025\\\/01\\\/film-sklep.mp4&quot;,&quot;background_play_on_mobile&quot;:&quot;yes&quot;,&quot;background_video_start&quot;:0}\">\n\t\t<div class=\"elementor-background-video-container\" aria-hidden=\"true\">\n\t\t\t\t\t\t\t<video class=\"elementor-background-video-hosted\" autoplay muted playsinline loop><\/video>\n\t\t\t\t\t<\/div>\t\t<\/div>\n\t\t<div class=\"elementor-element elementor-element-38b0bcf e-con-full e-flex e-con e-child\" data-id=\"38b0bcf\" data-element_type=\"container\">\n\t\t\t\t<div class=\"elementor-element elementor-element-325fc2f elementor-position-left elementor-mobile-position-left elementor-view-default elementor-widget elementor-widget-icon-box\" data-id=\"325fc2f\" data-element_type=\"widget\" data-widget_type=\"icon-box.default\">\n\t\t\t\t<div class=\"elementor-widget-container\">\n\t\t\t\t\t\t\t<div class=\"elementor-icon-box-wrapper\">\n\n\t\t\t\t\t\t<div class=\"elementor-icon-box-icon\">\n\t\t\t\t<span  class=\"elementor-icon\">\n\t\t\t\t<svg xmlns=\"http:\/\/www.w3.org\/2000\/svg\" width=\"800px\" height=\"800px\" viewBox=\"0 0 64 64\" fill=\"none\" stroke=\"#000000\"><polyline points=\"24 40 32 32 24 24\"><\/polyline><polyline points=\"32 40 40 32 32 24\"><\/polyline><\/svg>\t\t\t\t<\/span>\n\t\t\t<\/div>\n\t\t\t\n\t\t\t\t\t\t<div class=\"elementor-icon-box-content\">\n\n\t\t\t\t\t\t\t\t\t<h3 class=\"elementor-icon-box-title\">\n\t\t\t\t\t\t<span  >\n\t\t\t\t\t\t\tWyrazisty i dynamiczny design\t\t\t\t\t\t<\/span>\n\t\t\t\t\t<\/h3>\n\t\t\t\t\n\t\t\t\t\t\t\t\t\t<p class=\"elementor-icon-box-description\">\n\t\t\t\t\t\tStworzy\u0142am stron\u0119, kt\u00f3ra odzwierciedla charakter oferowanych produkt\u00f3w. Ciemna kolorystyka z akcentami w kolorze be\u017cowym podkre\u015bla nowoczesno\u015b\u0107 i profesjonalizm sklepu, a jednocze\u015bnie nawi\u0105zuje do bran\u017cy outdoorowej.\t\t\t\t\t<\/p>\n\t\t\t\t\n\t\t\t<\/div>\n\t\t\t\n\t\t<\/div>\n\t\t\t\t\t\t<\/div>\n\t\t\t\t<\/div>\n\t\t\t\t<div class=\"elementor-element elementor-element-4387c69 elementor-position-left elementor-mobile-position-left elementor-view-default elementor-widget elementor-widget-icon-box\" data-id=\"4387c69\" data-element_type=\"widget\" data-widget_type=\"icon-box.default\">\n\t\t\t\t<div class=\"elementor-widget-container\">\n\t\t\t\t\t\t\t<div class=\"elementor-icon-box-wrapper\">\n\n\t\t\t\t\t\t<div class=\"elementor-icon-box-icon\">\n\t\t\t\t<span  class=\"elementor-icon\">\n\t\t\t\t<svg xmlns=\"http:\/\/www.w3.org\/2000\/svg\" width=\"800px\" height=\"800px\" viewBox=\"0 0 64 64\" fill=\"none\" stroke=\"#000000\"><polyline points=\"24 40 32 32 24 24\"><\/polyline><polyline points=\"32 40 40 32 32 24\"><\/polyline><\/svg>\t\t\t\t<\/span>\n\t\t\t<\/div>\n\t\t\t\n\t\t\t\t\t\t<div class=\"elementor-icon-box-content\">\n\n\t\t\t\t\t\t\t\t\t<h3 class=\"elementor-icon-box-title\">\n\t\t\t\t\t\t<span  >\n\t\t\t\t\t\t\tPrzejrzysta prezentacja produkt\u00f3w\t\t\t\t\t\t<\/span>\n\t\t\t\t\t<\/h3>\n\t\t\t\t\n\t\t\t\t\t\t\t\t\t<p class=\"elementor-icon-box-description\">\n\t\t\t\t\t\tProdukt zosta\u0142 zaprezentowany w czytelny spos\u00f3b \u2013 wysokiej jako\u015bci zdj\u0119cia, szczeg\u00f3\u0142owe opisy i wypunktowane kluczowe cechy pomagaj\u0105 klientom szybko znale\u017a\u0107 odpowiedni\u0105 latark\u0119 dostosowan\u0105 do ich potrzeb.\t\t\t\t\t<\/p>\n\t\t\t\t\n\t\t\t<\/div>\n\t\t\t\n\t\t<\/div>\n\t\t\t\t\t\t<\/div>\n\t\t\t\t<\/div>\n\t\t\t\t<div class=\"elementor-element elementor-element-043fbae elementor-position-left elementor-mobile-position-left elementor-view-default elementor-widget elementor-widget-icon-box\" data-id=\"043fbae\" data-element_type=\"widget\" data-widget_type=\"icon-box.default\">\n\t\t\t\t<div class=\"elementor-widget-container\">\n\t\t\t\t\t\t\t<div class=\"elementor-icon-box-wrapper\">\n\n\t\t\t\t\t\t<div class=\"elementor-icon-box-icon\">\n\t\t\t\t<span  class=\"elementor-icon\">\n\t\t\t\t<svg xmlns=\"http:\/\/www.w3.org\/2000\/svg\" width=\"800px\" height=\"800px\" viewBox=\"0 0 64 64\" fill=\"none\" stroke=\"#000000\"><polyline points=\"24 40 32 32 24 24\"><\/polyline><polyline points=\"32 40 40 32 32 24\"><\/polyline><\/svg>\t\t\t\t<\/span>\n\t\t\t<\/div>\n\t\t\t\n\t\t\t\t\t\t<div class=\"elementor-icon-box-content\">\n\n\t\t\t\t\t\t\t\t\t<h3 class=\"elementor-icon-box-title\">\n\t\t\t\t\t\t<span  >\n\t\t\t\t\t\t\tSzybkie zakupy dzi\u0119ki intuicyjnej nawigacji\t\t\t\t\t\t<\/span>\n\t\t\t\t\t<\/h3>\n\t\t\t\t\n\t\t\t\t\t\t\t\t\t<p class=\"elementor-icon-box-description\">\n\t\t\t\t\t\tStruktura sklepu zosta\u0142a zaprojektowana tak, aby maksymalnie upro\u015bci\u0107 proces zakupowy. Pomini\u0119ty koszyk zwi\u0119ksza konwersj\u0119.\t\t\t\t\t<\/p>\n\t\t\t\t\n\t\t\t<\/div>\n\t\t\t\n\t\t<\/div>\n\t\t\t\t\t\t<\/div>\n\t\t\t\t<\/div>\n\t\t\t\t<div class=\"elementor-element elementor-element-74c9fa6 elementor-position-left elementor-mobile-position-left elementor-view-default elementor-widget elementor-widget-icon-box\" data-id=\"74c9fa6\" data-element_type=\"widget\" data-widget_type=\"icon-box.default\">\n\t\t\t\t<div class=\"elementor-widget-container\">\n\t\t\t\t\t\t\t<div class=\"elementor-icon-box-wrapper\">\n\n\t\t\t\t\t\t<div class=\"elementor-icon-box-icon\">\n\t\t\t\t<span  class=\"elementor-icon\">\n\t\t\t\t<svg xmlns=\"http:\/\/www.w3.org\/2000\/svg\" width=\"800px\" height=\"800px\" viewBox=\"0 0 64 64\" fill=\"none\" stroke=\"#000000\"><polyline points=\"24 40 32 32 24 24\"><\/polyline><polyline points=\"32 40 40 32 32 24\"><\/polyline><\/svg>\t\t\t\t<\/span>\n\t\t\t<\/div>\n\t\t\t\n\t\t\t\t\t\t<div class=\"elementor-icon-box-content\">\n\n\t\t\t\t\t\t\t\t\t<h3 class=\"elementor-icon-box-title\">\n\t\t\t\t\t\t<span  >\n\t\t\t\t\t\t\tZaawansowane funkcje sprzeda\u017cowe\t\t\t\t\t\t<\/span>\n\t\t\t\t\t<\/h3>\n\t\t\t\t\n\t\t\t\t\t\t\t\t\t<p class=\"elementor-icon-box-description\">\n\t\t\t\t\t\tSklep zosta\u0142 wzbogacony o funkcje takie jak dynamiczne przyciski wyboru ilo\u015bci (np. \"Kup 2 i oszcz\u0119d\u017a\"), integracj\u0119 z systemami p\u0142atno\u015bci online oraz szybk\u0105 kalkulacj\u0119 koszt\u00f3w wysy\u0142ki. Dzi\u0119ki temu u\u017cytkownicy mog\u0105 szybko i wygodnie sfinalizowa\u0107 swoje zam\u00f3wienie.\t\t\t\t\t<\/p>\n\t\t\t\t\n\t\t\t<\/div>\n\t\t\t\n\t\t<\/div>\n\t\t\t\t\t\t<\/div>\n\t\t\t\t<\/div>\n\t\t\t\t<\/div>\n\t\t\t\t\t<\/div>\n\t\t\t\t<\/div>\n\t\t\t\t\t<\/div>\n\t\t\t\t<\/div>\n\t\t<div class=\"elementor-element elementor-element-111cac3 e-flex e-con-boxed e-con e-parent\" data-id=\"111cac3\" data-element_type=\"container\" data-settings=\"{&quot;background_background&quot;:&quot;gradient&quot;}\">\n\t\t\t\t\t<div class=\"e-con-inner\">\n\t\t<div class=\"elementor-element elementor-element-5e8b1c5 e-con-full e-flex e-con e-child\" data-id=\"5e8b1c5\" data-element_type=\"container\" data-settings=\"{&quot;background_background&quot;:&quot;classic&quot;}\">\n\t\t\t\t<div class=\"elementor-element elementor-element-b5d5a7f elementor-widget__width-initial elementor-widget elementor-widget-image\" data-id=\"b5d5a7f\" data-element_type=\"widget\" data-widget_type=\"image.default\">\n\t\t\t\t<div class=\"elementor-widget-container\">\n\t\t\t\t\t\t\t\t\t\t\t\t\t\t\t<img decoding=\"async\" width=\"575\" height=\"2560\" src=\"https:\/\/strona.paolaproject.pl\/wp-content\/uploads\/2025\/01\/FireShot-Capture-036-Latarka-Taktyczna-Moc-Wytrzymalosc-i-Wszechstronnosc-w-Kazdych-War_-latarka-taktyczna.pl-1-scaled.webp\" class=\"attachment-full size-full wp-image-1649\" alt=\"\" srcset=\"https:\/\/strona.paolaproject.pl\/wp-content\/uploads\/2025\/01\/FireShot-Capture-036-Latarka-Taktyczna-Moc-Wytrzymalosc-i-Wszechstronnosc-w-Kazdych-War_-latarka-taktyczna.pl-1-scaled.webp 575w, https:\/\/strona.paolaproject.pl\/wp-content\/uploads\/2025\/01\/FireShot-Capture-036-Latarka-Taktyczna-Moc-Wytrzymalosc-i-Wszechstronnosc-w-Kazdych-War_-latarka-taktyczna.pl-1-230x1024.webp 230w, https:\/\/strona.paolaproject.pl\/wp-content\/uploads\/2025\/01\/FireShot-Capture-036-Latarka-Taktyczna-Moc-Wytrzymalosc-i-Wszechstronnosc-w-Kazdych-War_-latarka-taktyczna.pl-1-768x3421.webp 768w, https:\/\/strona.paolaproject.pl\/wp-content\/uploads\/2025\/01\/FireShot-Capture-036-Latarka-Taktyczna-Moc-Wytrzymalosc-i-Wszechstronnosc-w-Kazdych-War_-latarka-taktyczna.pl-1-345x1536.webp 345w, https:\/\/strona.paolaproject.pl\/wp-content\/uploads\/2025\/01\/FireShot-Capture-036-Latarka-Taktyczna-Moc-Wytrzymalosc-i-Wszechstronnosc-w-Kazdych-War_-latarka-taktyczna.pl-1-460x2048.webp 460w\" sizes=\"(max-width: 575px) 100vw, 575px\" \/>\t\t\t\t\t\t\t\t\t\t\t\t\t\t\t<\/div>\n\t\t\t\t<\/div>\n\t\t\t\t<\/div>\n\t\t<div class=\"elementor-element elementor-element-74be0b3 e-con-full e-flex e-con e-child\" data-id=\"74be0b3\" data-element_type=\"container\" data-settings=\"{&quot;background_background&quot;:&quot;classic&quot;}\">\n\t\t\t\t<div class=\"elementor-element elementor-element-9d38a0b elementor-widget elementor-widget-heading\" data-id=\"9d38a0b\" data-element_type=\"widget\" data-widget_type=\"heading.default\">\n\t\t\t\t<div class=\"elementor-widget-container\">\n\t\t\t\t\t<h3 class=\"elementor-heading-title elementor-size-default\">Efekty, kt\u00f3re m\u00f3wi\u0105 same za siebie<\/h3>\t\t\t\t<\/div>\n\t\t\t\t<\/div>\n\t\t\t\t<div class=\"elementor-element elementor-element-dbf5ba6 elementor-widget elementor-widget-heading\" data-id=\"dbf5ba6\" data-element_type=\"widget\" data-widget_type=\"heading.default\">\n\t\t\t\t<div class=\"elementor-widget-container\">\n\t\t\t\t\t<h2 class=\"elementor-heading-title elementor-size-default\">Rezultaty pracy<\/h2>\t\t\t\t<\/div>\n\t\t\t\t<\/div>\n\t\t\t\t<div class=\"elementor-element elementor-element-4ce1a41 elementor-widget__width-initial elementor-widget elementor-widget-text-editor\" data-id=\"4ce1a41\" data-element_type=\"widget\" data-widget_type=\"text-editor.default\">\n\t\t\t\t<div class=\"elementor-widget-container\">\n\t\t\t\t\t\t\t\t\t<p>Dzi\u0119ki nowoczesnej i funkcjonalnej stronie, Latarka-Taktyczna.pl zyska\u0142a profesjonaln\u0105 platform\u0119 sprzeda\u017cow\u0105, kt\u00f3ra przyci\u0105ga klient\u00f3w z r\u00f3\u017cnych grup docelowych \u2013 od pasjonat\u00f3w outdooru po profesjonalist\u00f3w.&nbsp;<\/p>\n<p>Starannie zaprojektowany sklep internetowy \u0142\u0105czy estetyk\u0119 z funkcjonalno\u015bci\u0105, zapewniaj\u0105c klientom wygod\u0119 zakup\u00f3w i pozytywne do\u015bwiadczenie u\u017cytkownika.<\/p>\n<p><b><span style=\"background-color: transparent;\">Ps. Przesu\u0144 kursorem na obraz lub naci\u015bnij, aby zobaczy\u0107 podgl\u0105d strony internetowej dla sklepu internetowego.<\/span><\/b><\/p>\t\t\t\t\t\t\t\t<\/div>\n\t\t\t\t<\/div>\n\t\t\t\t<\/div>\n\t\t\t\t\t<\/div>\n\t\t\t\t<\/div>\n\t\t<div class=\"elementor-element elementor-element-d4b7918 e-flex e-con-boxed e-con e-parent\" data-id=\"d4b7918\" data-element_type=\"container\" data-settings=\"{&quot;background_background&quot;:&quot;classic&quot;}\">\n\t\t\t\t\t<div class=\"e-con-inner\">\n\t\t<div class=\"elementor-element elementor-element-c33ce89 e-con-full e-flex e-con e-child\" data-id=\"c33ce89\" data-element_type=\"container\">\n\t\t\t\t<div class=\"elementor-element elementor-element-f3fc55c button elementor-widget elementor-widget-button\" data-id=\"f3fc55c\" data-element_type=\"widget\" data-widget_type=\"button.default\">\n\t\t\t\t<div class=\"elementor-widget-container\">\n\t\t\t\t\t\t\t\t\t<div class=\"elementor-button-wrapper\">\n\t\t\t\t\t<a class=\"elementor-button elementor-button-link elementor-size-sm\" href=\"#\">\n\t\t\t\t\t\t<span class=\"elementor-button-content-wrapper\">\n\t\t\t\t\t\t\t\t\t<span class=\"elementor-button-text\">Skontaktuj si\u0119 ze mn\u0105<\/span>\n\t\t\t\t\t<\/span>\n\t\t\t\t\t<\/a>\n\t\t\t\t<\/div>\n\t\t\t\t\t\t\t\t<\/div>\n\t\t\t\t<\/div>\n\t\t\t\t<\/div>\n\t\t<div class=\"elementor-element elementor-element-65ebd6a e-con-full e-flex e-con e-child\" data-id=\"65ebd6a\" data-element_type=\"container\">\n\t\t\t\t<div class=\"elementor-element elementor-element-813b3a2 elementor-widget__width-initial elementor-invisible elementor-widget elementor-widget-heading\" data-id=\"813b3a2\" data-element_type=\"widget\" data-settings=\"{&quot;_animation&quot;:&quot;fadeIn&quot;}\" data-widget_type=\"heading.default\">\n\t\t\t\t<div class=\"elementor-widget-container\">\n\t\t\t\t\t<h2 class=\"elementor-heading-title elementor-size-default\">Zobacz, jak <i>stworz\u0119 stron\u0119<\/i>, kt\u00f3ra  <b>podkre\u015bli wyj\u0105tkowo\u015b\u0107<\/b> <i>Twojej<\/i> <b>marki<\/b>!<\/h2>\t\t\t\t<\/div>\n\t\t\t\t<\/div>\n\t\t\t\t<\/div>\n\t\t\t\t\t<\/div>\n\t\t\t\t<\/div>\n\t\t\t\t<\/div>\n\t\t","protected":false},"excerpt":{"rendered":"<p>Zapoznaj si\u0119 z realizacj\u0105 LATARKA TAKTYCZNA WEB DESIGN KODOWANIE SKLEP INTERNETOWY Realizacja strony internetowej dla sklepu internetowego \u2013 Latarka Taktyczna Latarka-Taktyczna.pl to sklep internetowy dedykowany mi\u0142o\u015bnikom niezawodnych rozwi\u0105za\u0144 o\u015bwietleniowych.\u00a0 Moim celem by\u0142o zaprojektowanie i wdro\u017cenie funkcjonalnego sklepu online, kt\u00f3ry nie tylko prezentuje najwy\u017cszej jako\u015bci produkty, ale tak\u017ce zapewnia wygodne i szybkie zakupy dla klient\u00f3w. Zobacz [&hellip;]<\/p>\n","protected":false},"author":1,"featured_media":0,"parent":0,"menu_order":0,"comment_status":"closed","ping_status":"closed","template":"","meta":{"footnotes":""},"class_list":["post-1630","page","type-page","status-publish","hentry"],"_links":{"self":[{"href":"https:\/\/strona.paolaproject.pl\/index.php?rest_route=\/wp\/v2\/pages\/1630","targetHints":{"allow":["GET"]}}],"collection":[{"href":"https:\/\/strona.paolaproject.pl\/index.php?rest_route=\/wp\/v2\/pages"}],"about":[{"href":"https:\/\/strona.paolaproject.pl\/index.php?rest_route=\/wp\/v2\/types\/page"}],"author":[{"embeddable":true,"href":"https:\/\/strona.paolaproject.pl\/index.php?rest_route=\/wp\/v2\/users\/1"}],"replies":[{"embeddable":true,"href":"https:\/\/strona.paolaproject.pl\/index.php?rest_route=%2Fwp%2Fv2%2Fcomments&post=1630"}],"version-history":[{"count":0,"href":"https:\/\/strona.paolaproject.pl\/index.php?rest_route=\/wp\/v2\/pages\/1630\/revisions"}],"wp:attachment":[{"href":"https:\/\/strona.paolaproject.pl\/index.php?rest_route=%2Fwp%2Fv2%2Fmedia&parent=1630"}],"curies":[{"name":"wp","href":"https:\/\/api.w.org\/{rel}","templated":true}]}}