{"id":1653,"date":"2025-01-20T14:10:36","date_gmt":"2025-01-20T14:10:36","guid":{"rendered":"http:\/\/strona.paolaproject.pl\/?page_id=1653"},"modified":"2025-01-25T19:44:30","modified_gmt":"2025-01-25T19:44:30","slug":"portfolio","status":"publish","type":"page","link":"https:\/\/strona.paolaproject.pl\/?page_id=1653","title":{"rendered":"Portfolio"},"content":{"rendered":"\t\t<div data-elementor-type=\"wp-page\" data-elementor-id=\"1653\" class=\"elementor elementor-1653\" data-elementor-post-type=\"page\">\n\t\t\t\t<div class=\"elementor-element elementor-element-a763ba9 e-flex e-con-boxed e-con e-parent\" data-id=\"a763ba9\" data-element_type=\"container\">\n\t\t\t\t\t<div class=\"e-con-inner\">\n\t\t\t\t<div class=\"elementor-element elementor-element-e2cdf4f elementor-widget elementor-widget-heading\" data-id=\"e2cdf4f\" data-element_type=\"widget\" data-widget_type=\"heading.default\">\n\t\t\t\t<div class=\"elementor-widget-container\">\n\t\t\t\t\t<h3 class=\"elementor-heading-title elementor-size-default\">Ostatnie realizacje<\/h3>\t\t\t\t<\/div>\n\t\t\t\t<\/div>\n\t\t\t\t<div class=\"elementor-element elementor-element-985663b elementor-widget elementor-widget-heading\" data-id=\"985663b\" data-element_type=\"widget\" data-widget_type=\"heading.default\">\n\t\t\t\t<div class=\"elementor-widget-container\">\n\t\t\t\t\t<h2 class=\"elementor-heading-title elementor-size-default\">POrtfolio<\/h2>\t\t\t\t<\/div>\n\t\t\t\t<\/div>\n\t\t\t\t<div class=\"elementor-element elementor-element-654abf7 elementor-widget__width-initial elementor-widget elementor-widget-text-editor\" data-id=\"654abf7\" data-element_type=\"widget\" data-widget_type=\"text-editor.default\">\n\t\t\t\t<div class=\"elementor-widget-container\">\n\t\t\t\t\t\t\t\t\t<p>W mojej\u00a0 pracy stawiam na jako\u015b\u0107, funkcjonalno\u015b\u0107 i estetyk\u0119. Ka\u017cdy projekt to dla mnie wyj\u0105tkowe wyzwanie, kt\u00f3re realizuj\u0119 z pe\u0142nym zaanga\u017cowaniem.\u00a0<\/p><p>Ka\u017cdy z tych projekt\u00f3w to przyk\u0142ad mojego podej\u015bcia do designu, technologii i dba\u0142o\u015bci o szczeg\u00f3\u0142y. Zapoznaj si\u0119 z nimi!<\/p>\t\t\t\t\t\t\t\t<\/div>\n\t\t\t\t<\/div>\n\t\t\t\t\t<\/div>\n\t\t\t\t<\/div>\n\t\t<div class=\"elementor-element elementor-element-e543c4d e-flex e-con-boxed e-con e-parent\" data-id=\"e543c4d\" data-element_type=\"container\">\n\t\t\t\t\t<div class=\"e-con-inner\">\n\t\t<div class=\"elementor-element elementor-element-48076be e-grid e-con-full e-con e-child\" data-id=\"48076be\" data-element_type=\"container\">\n\t\t<a class=\"elementor-element elementor-element-9731a0f e-con-full e-flex e-con e-child\" data-id=\"9731a0f\" data-element_type=\"container\" href=\"https:\/\/strona.paolaproject.pl\/?page_id=1266\">\n\t\t\t\t<div class=\"elementor-element elementor-element-8a5625e elementor-widget elementor-widget-image\" data-id=\"8a5625e\" data-element_type=\"widget\" data-widget_type=\"image.default\">\n\t\t\t\t<div class=\"elementor-widget-container\">\n\t\t\t\t\t\t\t\t\t\t\t\t\t\t\t<img fetchpriority=\"high\" decoding=\"async\" width=\"1485\" height=\"1485\" src=\"https:\/\/strona.paolaproject.pl\/wp-content\/uploads\/2025\/01\/1-3.webp\" class=\"attachment-full size-full wp-image-1749\" alt=\"\" srcset=\"https:\/\/strona.paolaproject.pl\/wp-content\/uploads\/2025\/01\/1-3.webp 1485w, https:\/\/strona.paolaproject.pl\/wp-content\/uploads\/2025\/01\/1-3-300x300.webp 300w, https:\/\/strona.paolaproject.pl\/wp-content\/uploads\/2025\/01\/1-3-1024x1024.webp 1024w, https:\/\/strona.paolaproject.pl\/wp-content\/uploads\/2025\/01\/1-3-150x150.webp 150w, https:\/\/strona.paolaproject.pl\/wp-content\/uploads\/2025\/01\/1-3-768x768.webp 768w\" sizes=\"(max-width: 1485px) 100vw, 1485px\" \/>\t\t\t\t\t\t\t\t\t\t\t\t\t\t\t<\/div>\n\t\t\t\t<\/div>\n\t\t\t\t<div class=\"elementor-element elementor-element-33f97d7 elementor-icon-list--layout-inline elementor-align-left elementor-list-item-link-full_width elementor-widget elementor-widget-icon-list\" data-id=\"33f97d7\" data-element_type=\"widget\" data-widget_type=\"icon-list.default\">\n\t\t\t\t<div class=\"elementor-widget-container\">\n\t\t\t\t\t\t\t<ul class=\"elementor-icon-list-items elementor-inline-items\">\n\t\t\t\t\t\t\t<li class=\"elementor-icon-list-item elementor-inline-item\">\n\t\t\t\t\t\t\t\t\t\t<span class=\"elementor-icon-list-text\">WEB DESIGN<\/span>\n\t\t\t\t\t\t\t\t\t<\/li>\n\t\t\t\t\t\t\t\t<li class=\"elementor-icon-list-item elementor-inline-item\">\n\t\t\t\t\t\t\t\t\t\t<span class=\"elementor-icon-list-text\">KODOWANIE<\/span>\n\t\t\t\t\t\t\t\t\t<\/li>\n\t\t\t\t\t\t\t\t<li class=\"elementor-icon-list-item elementor-inline-item\">\n\t\t\t\t\t\t\t\t\t\t<span class=\"elementor-icon-list-text\">STRONA INTERNETOWA<\/span>\n\t\t\t\t\t\t\t\t\t<\/li>\n\t\t\t\t\t\t<\/ul>\n\t\t\t\t\t\t<\/div>\n\t\t\t\t<\/div>\n\t\t\t\t<div class=\"elementor-element elementor-element-7aac211 elementor-widget elementor-widget-heading\" data-id=\"7aac211\" data-element_type=\"widget\" data-widget_type=\"heading.default\">\n\t\t\t\t<div class=\"elementor-widget-container\">\n\t\t\t\t\t<h2 class=\"elementor-heading-title elementor-size-default\">Studio beauty<\/h2>\t\t\t\t<\/div>\n\t\t\t\t<\/div>\n\t\t\t\t<\/a>\n\t\t<a class=\"elementor-element elementor-element-b509066 e-con-full e-flex e-con e-child\" data-id=\"b509066\" data-element_type=\"container\" href=\"https:\/\/strona.paolaproject.pl\/?page_id=1630\">\n\t\t\t\t<div class=\"elementor-element elementor-element-37519a3 elementor-widget elementor-widget-image\" data-id=\"37519a3\" data-element_type=\"widget\" data-widget_type=\"image.default\">\n\t\t\t\t<div class=\"elementor-widget-container\">\n\t\t\t\t\t\t\t\t\t\t\t\t\t\t\t<img decoding=\"async\" width=\"1485\" height=\"1485\" src=\"https:\/\/strona.paolaproject.pl\/wp-content\/uploads\/2025\/01\/2.webp\" class=\"attachment-full size-full wp-image-1750\" alt=\"\" srcset=\"https:\/\/strona.paolaproject.pl\/wp-content\/uploads\/2025\/01\/2.webp 1485w, https:\/\/strona.paolaproject.pl\/wp-content\/uploads\/2025\/01\/2-300x300.webp 300w, https:\/\/strona.paolaproject.pl\/wp-content\/uploads\/2025\/01\/2-1024x1024.webp 1024w, https:\/\/strona.paolaproject.pl\/wp-content\/uploads\/2025\/01\/2-150x150.webp 150w, https:\/\/strona.paolaproject.pl\/wp-content\/uploads\/2025\/01\/2-768x768.webp 768w\" sizes=\"(max-width: 1485px) 100vw, 1485px\" \/>\t\t\t\t\t\t\t\t\t\t\t\t\t\t\t<\/div>\n\t\t\t\t<\/div>\n\t\t\t\t<div class=\"elementor-element elementor-element-546509a elementor-icon-list--layout-inline elementor-align-left elementor-list-item-link-full_width elementor-widget elementor-widget-icon-list\" data-id=\"546509a\" data-element_type=\"widget\" data-widget_type=\"icon-list.default\">\n\t\t\t\t<div class=\"elementor-widget-container\">\n\t\t\t\t\t\t\t<ul class=\"elementor-icon-list-items elementor-inline-items\">\n\t\t\t\t\t\t\t<li class=\"elementor-icon-list-item elementor-inline-item\">\n\t\t\t\t\t\t\t\t\t\t<span class=\"elementor-icon-list-text\">WEB DESIGN<\/span>\n\t\t\t\t\t\t\t\t\t<\/li>\n\t\t\t\t\t\t\t\t<li class=\"elementor-icon-list-item elementor-inline-item\">\n\t\t\t\t\t\t\t\t\t\t<span class=\"elementor-icon-list-text\">KODOWANIE<\/span>\n\t\t\t\t\t\t\t\t\t<\/li>\n\t\t\t\t\t\t\t\t<li class=\"elementor-icon-list-item elementor-inline-item\">\n\t\t\t\t\t\t\t\t\t\t<span class=\"elementor-icon-list-text\">SKLEP INTERNETOWY<\/span>\n\t\t\t\t\t\t\t\t\t<\/li>\n\t\t\t\t\t\t<\/ul>\n\t\t\t\t\t\t<\/div>\n\t\t\t\t<\/div>\n\t\t\t\t<div class=\"elementor-element elementor-element-df985f7 elementor-widget elementor-widget-heading\" data-id=\"df985f7\" data-element_type=\"widget\" data-widget_type=\"heading.default\">\n\t\t\t\t<div class=\"elementor-widget-container\">\n\t\t\t\t\t<h2 class=\"elementor-heading-title elementor-size-default\">latarka taktyczna<\/h2>\t\t\t\t<\/div>\n\t\t\t\t<\/div>\n\t\t\t\t<\/a>\n\t\t\t\t<\/div>\n\t\t\t\t\t<\/div>\n\t\t\t\t<\/div>\n\t\t\t\t<\/div>\n\t\t","protected":false},"excerpt":{"rendered":"<p>Ostatnie realizacje POrtfolio W mojej\u00a0 pracy stawiam na jako\u015b\u0107, funkcjonalno\u015b\u0107 i estetyk\u0119. Ka\u017cdy projekt to dla mnie wyj\u0105tkowe wyzwanie, kt\u00f3re realizuj\u0119 z pe\u0142nym zaanga\u017cowaniem.\u00a0 Ka\u017cdy z tych projekt\u00f3w to przyk\u0142ad mojego podej\u015bcia do designu, technologii i dba\u0142o\u015bci o szczeg\u00f3\u0142y. Zapoznaj si\u0119 z nimi! WEB DESIGN KODOWANIE STRONA INTERNETOWA Studio beauty WEB DESIGN KODOWANIE SKLEP INTERNETOWY [&hellip;]<\/p>\n","protected":false},"author":1,"featured_media":0,"parent":0,"menu_order":0,"comment_status":"closed","ping_status":"closed","template":"","meta":{"footnotes":""},"class_list":["post-1653","page","type-page","status-publish","hentry"],"_links":{"self":[{"href":"https:\/\/strona.paolaproject.pl\/index.php?rest_route=\/wp\/v2\/pages\/1653","targetHints":{"allow":["GET"]}}],"collection":[{"href":"https:\/\/strona.paolaproject.pl\/index.php?rest_route=\/wp\/v2\/pages"}],"about":[{"href":"https:\/\/strona.paolaproject.pl\/index.php?rest_route=\/wp\/v2\/types\/page"}],"author":[{"embeddable":true,"href":"https:\/\/strona.paolaproject.pl\/index.php?rest_route=\/wp\/v2\/users\/1"}],"replies":[{"embeddable":true,"href":"https:\/\/strona.paolaproject.pl\/index.php?rest_route=%2Fwp%2Fv2%2Fcomments&post=1653"}],"version-history":[{"count":0,"href":"https:\/\/strona.paolaproject.pl\/index.php?rest_route=\/wp\/v2\/pages\/1653\/revisions"}],"wp:attachment":[{"href":"https:\/\/strona.paolaproject.pl\/index.php?rest_route=%2Fwp%2Fv2%2Fmedia&parent=1653"}],"curies":[{"name":"wp","href":"https:\/\/api.w.org\/{rel}","templated":true}]}}