{"id":21,"date":"2023-06-06T09:38:57","date_gmt":"2023-06-06T09:38:57","guid":{"rendered":"http:\/\/strona.paolaproject.pl\/?page_id=21"},"modified":"2025-01-25T19:44:22","modified_gmt":"2025-01-25T19:44:22","slug":"kontakt","status":"publish","type":"page","link":"https:\/\/strona.paolaproject.pl\/?page_id=21","title":{"rendered":"Kontakt"},"content":{"rendered":"\t\t<div data-elementor-type=\"wp-page\" data-elementor-id=\"21\" class=\"elementor elementor-21\" data-elementor-post-type=\"page\">\n\t\t\t\t<div class=\"elementor-element elementor-element-4fd78d1 e-flex e-con-boxed e-con e-parent\" data-id=\"4fd78d1\" data-element_type=\"container\">\n\t\t\t\t\t<div class=\"e-con-inner\">\n\t\t\t\t<div class=\"elementor-element elementor-element-927a51f elementor-widget elementor-widget-heading\" data-id=\"927a51f\" data-element_type=\"widget\" data-widget_type=\"heading.default\">\n\t\t\t\t<div class=\"elementor-widget-container\">\n\t\t\t\t\t<h3 class=\"elementor-heading-title elementor-size-default\">Zosta\u0144my  w kontakcie<\/h3>\t\t\t\t<\/div>\n\t\t\t\t<\/div>\n\t\t\t\t<div class=\"elementor-element elementor-element-d7bab01 elementor-widget elementor-widget-heading\" data-id=\"d7bab01\" data-element_type=\"widget\" data-widget_type=\"heading.default\">\n\t\t\t\t<div class=\"elementor-widget-container\">\n\t\t\t\t\t<h2 class=\"elementor-heading-title elementor-size-default\">Skontaktuj si\u0119 ze mn\u0105<\/h2>\t\t\t\t<\/div>\n\t\t\t\t<\/div>\n\t\t\t\t<div class=\"elementor-element elementor-element-4ebe441 elementor-icon-list--layout-inline elementor-align-center elementor-list-item-link-full_width elementor-widget elementor-widget-icon-list\" data-id=\"4ebe441\" data-element_type=\"widget\" data-widget_type=\"icon-list.default\">\n\t\t\t\t<div class=\"elementor-widget-container\">\n\t\t\t\t\t\t\t<ul class=\"elementor-icon-list-items elementor-inline-items\">\n\t\t\t\t\t\t\t<li class=\"elementor-icon-list-item elementor-inline-item\">\n\t\t\t\t\t\t\t\t\t\t<span class=\"elementor-icon-list-text\">WEB DESIGN<\/span>\n\t\t\t\t\t\t\t\t\t<\/li>\n\t\t\t\t\t\t\t\t<li class=\"elementor-icon-list-item elementor-inline-item\">\n\t\t\t\t\t\t\t\t\t\t<span class=\"elementor-icon-list-text\">E-COMMERCE<\/span>\n\t\t\t\t\t\t\t\t\t<\/li>\n\t\t\t\t\t\t\t\t<li class=\"elementor-icon-list-item elementor-inline-item\">\n\t\t\t\t\t\t\t\t\t\t<span class=\"elementor-icon-list-text\">WEBSITE<\/span>\n\t\t\t\t\t\t\t\t\t<\/li>\n\t\t\t\t\t\t<\/ul>\n\t\t\t\t\t\t<\/div>\n\t\t\t\t<\/div>\n\t\t\t\t\t<\/div>\n\t\t\t\t<\/div>\n\t\t<div class=\"elementor-element elementor-element-bb3b192 e-con-full e-flex e-con e-parent\" data-id=\"bb3b192\" data-element_type=\"container\">\n\t\t<div class=\"elementor-element elementor-element-47ba313 e-con-full e-flex e-con e-child\" data-id=\"47ba313\" data-element_type=\"container\" data-settings=\"{&quot;background_background&quot;:&quot;classic&quot;}\">\n\t\t<div class=\"elementor-element elementor-element-4a288f6 e-con-full e-flex e-con e-child\" data-id=\"4a288f6\" data-element_type=\"container\">\n\t\t\t\t<div class=\"elementor-element elementor-element-f2da47f elementor-widget__width-initial elementor-invisible elementor-widget elementor-widget-heading\" data-id=\"f2da47f\" data-element_type=\"widget\" data-settings=\"{&quot;_animation&quot;:&quot;fadeIn&quot;}\" data-widget_type=\"heading.default\">\n\t\t\t\t<div class=\"elementor-widget-container\">\n\t\t\t\t\t<h2 class=\"elementor-heading-title elementor-size-default\"><b>Chcia\u0142aby\u015b ze mn\u0105 pracowa\u0107?<\/b> <br><span style=\"color:#C51B2E\">Nie mog\u0119 si\u0119 doczeka\u0107. <\/h2>\t\t\t\t<\/div>\n\t\t\t\t<\/div>\n\t\t\t\t<div class=\"elementor-element elementor-element-44ae4ff elementor-widget elementor-widget-text-editor\" data-id=\"44ae4ff\" data-element_type=\"widget\" data-widget_type=\"text-editor.default\">\n\t\t\t\t<div class=\"elementor-widget-container\">\n\t\t\t\t\t\t\t\t\t<p>Szukasz profesjonalnego wsparcia w stworzeniu nowoczesnej strony internetowej, kt\u00f3ra wyr\u00f3\u017cni Twoj\u0105 mark\u0119? Skontaktuj si\u0119 ze mn\u0105 i zacznijmy wsp\u00f3\u0142prac\u0119! Specjalizuj\u0119 si\u0119 w projektowaniu i tworzeniu stron internetowych dopasowanych do potrzeb Twojego biznesu, zapewniaj\u0105c estetyk\u0119 oraz funkcjonalno\u015b\u0107.<\/p><p>Wype\u0142nij <b>formularz kontaktowy<\/b> lub <b>zadzwo\u0144<\/b> \u2013 z przyjemno\u015bci\u0105 odpowiem na Twoje pytania i om\u00f3wi\u0119 szczeg\u00f3\u0142y projektu.\u00a0<\/p><p><b>Twoja nowa, profesjonalna strona internetowa jest na wyci\u0105gni\u0119cie r\u0119ki!<\/b><\/p>\t\t\t\t\t\t\t\t<\/div>\n\t\t\t\t<\/div>\n\t\t\t\t<div class=\"elementor-element elementor-element-136a76a elementor-position-left elementor-mobile-position-left elementor-view-default elementor-widget elementor-widget-icon-box\" data-id=\"136a76a\" data-element_type=\"widget\" data-widget_type=\"icon-box.default\">\n\t\t\t\t<div class=\"elementor-widget-container\">\n\t\t\t\t\t\t\t<div class=\"elementor-icon-box-wrapper\">\n\n\t\t\t\t\t\t<div class=\"elementor-icon-box-icon\">\n\t\t\t\t<span  class=\"elementor-icon\">\n\t\t\t\t<svg xmlns=\"http:\/\/www.w3.org\/2000\/svg\" width=\"800px\" height=\"800px\" viewBox=\"0 0 24 24\" fill=\"none\"><g id=\"SVGRepo_bgCarrier\" stroke-width=\"0\"><\/g><g id=\"SVGRepo_tracerCarrier\" stroke-linecap=\"round\" stroke-linejoin=\"round\"><\/g><g id=\"SVGRepo_iconCarrier\"><path d=\"M16.1007 13.359L15.5719 12.8272H15.5719L16.1007 13.359ZM16.5562 12.9062L17.085 13.438H17.085L16.5562 12.9062ZM18.9728 12.5894L18.6146 13.2483L18.9728 12.5894ZM20.8833 13.628L20.5251 14.2869L20.8833 13.628ZM21.4217 16.883L21.9505 17.4148L21.4217 16.883ZM20.0011 18.2954L19.4723 17.7636L20.0011 18.2954ZM18.6763 18.9651L18.7459 19.7119H18.7459L18.6763 18.9651ZM8.81536 14.7266L9.34418 14.1947L8.81536 14.7266ZM4.00289 5.74561L3.2541 5.78816L3.2541 5.78816L4.00289 5.74561ZM10.4775 7.19738L11.0063 7.72922H11.0063L10.4775 7.19738ZM10.6342 4.54348L11.2346 4.09401L10.6342 4.54348ZM9.37326 2.85908L8.77286 3.30855V3.30855L9.37326 2.85908ZM6.26145 2.57483L6.79027 3.10667H6.79027L6.26145 2.57483ZM4.69185 4.13552L4.16303 3.60368H4.16303L4.69185 4.13552ZM12.0631 11.4972L12.5919 10.9654L12.0631 11.4972ZM16.6295 13.8909L17.085 13.438L16.0273 12.3743L15.5719 12.8272L16.6295 13.8909ZM18.6146 13.2483L20.5251 14.2869L21.2415 12.9691L19.331 11.9305L18.6146 13.2483ZM20.8929 16.3511L19.4723 17.7636L20.5299 18.8273L21.9505 17.4148L20.8929 16.3511ZM18.6067 18.2184C17.1568 18.3535 13.4056 18.2331 9.34418 14.1947L8.28654 15.2584C12.7186 19.6653 16.9369 19.8805 18.7459 19.7119L18.6067 18.2184ZM9.34418 14.1947C5.4728 10.3453 4.83151 7.10765 4.75168 5.70305L3.2541 5.78816C3.35456 7.55599 4.14863 11.144 8.28654 15.2584L9.34418 14.1947ZM10.7195 8.01441L11.0063 7.72922L9.9487 6.66555L9.66189 6.95073L10.7195 8.01441ZM11.2346 4.09401L9.97365 2.40961L8.77286 3.30855L10.0338 4.99296L11.2346 4.09401ZM5.73263 2.04299L4.16303 3.60368L5.22067 4.66736L6.79027 3.10667L5.73263 2.04299ZM10.1907 7.48257C9.66189 6.95073 9.66117 6.95144 9.66045 6.95216C9.66021 6.9524 9.65949 6.95313 9.659 6.95362C9.65802 6.95461 9.65702 6.95561 9.65601 6.95664C9.65398 6.95871 9.65188 6.96086 9.64972 6.9631C9.64539 6.96759 9.64081 6.97245 9.63599 6.97769C9.62634 6.98816 9.61575 7.00014 9.60441 7.01367C9.58174 7.04072 9.55605 7.07403 9.52905 7.11388C9.47492 7.19377 9.41594 7.2994 9.36589 7.43224C9.26376 7.70329 9.20901 8.0606 9.27765 8.50305C9.41189 9.36833 10.0078 10.5113 11.5343 12.0291L12.5919 10.9654C11.1634 9.54499 10.8231 8.68059 10.7599 8.27309C10.7298 8.07916 10.761 7.98371 10.7696 7.96111C10.7748 7.94713 10.7773 7.9457 10.7709 7.95525C10.7677 7.95992 10.7624 7.96723 10.7541 7.97708C10.75 7.98201 10.7451 7.98759 10.7394 7.99381C10.7365 7.99692 10.7335 8.00019 10.7301 8.00362C10.7285 8.00534 10.7268 8.00709 10.725 8.00889C10.7241 8.00979 10.7232 8.0107 10.7223 8.01162C10.7219 8.01208 10.7212 8.01278 10.7209 8.01301C10.7202 8.01371 10.7195 8.01441 10.1907 7.48257ZM11.5343 12.0291C13.0613 13.5474 14.2096 14.1383 15.0763 14.2713C15.5192 14.3392 15.8763 14.285 16.1472 14.1841C16.28 14.1346 16.3858 14.0763 16.4658 14.0227C16.5058 13.9959 16.5392 13.9704 16.5663 13.9479C16.5799 13.9367 16.5919 13.9262 16.6024 13.9166C16.6077 13.9118 16.6126 13.9073 16.6171 13.903C16.6194 13.9008 16.6215 13.8987 16.6236 13.8967C16.6246 13.8957 16.6256 13.8947 16.6266 13.8937C16.6271 13.8932 16.6279 13.8925 16.6281 13.8923C16.6288 13.8916 16.6295 13.8909 16.1007 13.359C15.5719 12.8272 15.5726 12.8265 15.5733 12.8258C15.5735 12.8256 15.5742 12.8249 15.5747 12.8244C15.5756 12.8235 15.5765 12.8226 15.5774 12.8217C15.5793 12.82 15.581 12.8183 15.5827 12.8166C15.5862 12.8133 15.5895 12.8103 15.5926 12.8074C15.5988 12.8018 15.6044 12.7969 15.6094 12.7929C15.6192 12.7847 15.6265 12.7795 15.631 12.7764C15.6403 12.7702 15.6384 12.773 15.6236 12.7785C15.5991 12.7876 15.501 12.8189 15.3038 12.7886C14.8905 12.7253 14.02 12.3853 12.5919 10.9654L11.5343 12.0291ZM9.97365 2.40961C8.95434 1.04802 6.94996 0.83257 5.73263 2.04299L6.79027 3.10667C7.32195 2.578 8.26623 2.63181 8.77286 3.30855L9.97365 2.40961ZM4.75168 5.70305C4.73201 5.35694 4.89075 4.9954 5.22067 4.66736L4.16303 3.60368C3.62571 4.13795 3.20329 4.89425 3.2541 5.78816L4.75168 5.70305ZM19.4723 17.7636C19.1975 18.0369 18.9029 18.1908 18.6067 18.2184L18.7459 19.7119C19.4805 19.6434 20.0824 19.2723 20.5299 18.8273L19.4723 17.7636ZM11.0063 7.72922C11.9908 6.7503 12.064 5.2019 11.2346 4.09401L10.0338 4.99295C10.4373 5.53193 10.3773 6.23938 9.9487 6.66555L11.0063 7.72922ZM20.5251 14.2869C21.3429 14.7315 21.4703 15.7769 20.8929 16.3511L21.9505 17.4148C23.2908 16.0821 22.8775 13.8584 21.2415 12.9691L20.5251 14.2869ZM17.085 13.438C17.469 13.0562 18.0871 12.9616 18.6146 13.2483L19.331 11.9305C18.2474 11.3414 16.9026 11.5041 16.0273 12.3743L17.085 13.438Z\" fill=\"#C51B2E\"><\/path><\/g><\/svg>\t\t\t\t<\/span>\n\t\t\t<\/div>\n\t\t\t\n\t\t\t\t\t\t<div class=\"elementor-icon-box-content\">\n\n\t\t\t\t\t\t\t\t\t<h3 class=\"elementor-icon-box-title\">\n\t\t\t\t\t\t<span  >\n\t\t\t\t\t\t\tTELEFON\t\t\t\t\t\t<\/span>\n\t\t\t\t\t<\/h3>\n\t\t\t\t\n\t\t\t\t\t\t\t\t\t<p class=\"elementor-icon-box-description\">\n\t\t\t\t\t\t+48 601 276 614\t\t\t\t\t<\/p>\n\t\t\t\t\n\t\t\t<\/div>\n\t\t\t\n\t\t<\/div>\n\t\t\t\t\t\t<\/div>\n\t\t\t\t<\/div>\n\t\t\t\t<div class=\"elementor-element elementor-element-dcb34cb elementor-position-left elementor-mobile-position-left elementor-view-default elementor-widget elementor-widget-icon-box\" data-id=\"dcb34cb\" data-element_type=\"widget\" data-widget_type=\"icon-box.default\">\n\t\t\t\t<div class=\"elementor-widget-container\">\n\t\t\t\t\t\t\t<div class=\"elementor-icon-box-wrapper\">\n\n\t\t\t\t\t\t<div class=\"elementor-icon-box-icon\">\n\t\t\t\t<span  class=\"elementor-icon\">\n\t\t\t\t<svg xmlns=\"http:\/\/www.w3.org\/2000\/svg\" width=\"800px\" height=\"800px\" viewBox=\"0 0 24 24\" fill=\"none\"><g id=\"SVGRepo_bgCarrier\" stroke-width=\"0\"><\/g><g id=\"SVGRepo_tracerCarrier\" stroke-linecap=\"round\" stroke-linejoin=\"round\"><\/g><g id=\"SVGRepo_iconCarrier\"><path d=\"M18 6.10156C19.3001 6.22944 20.1752 6.51846 20.8284 7.17164C22 8.34322 22 10.2288 22 14.0001C22 17.7713 22 19.6569 20.8284 20.8285C19.6569 22.0001 17.7712 22.0001 14 22.0001H10C6.22876 22.0001 4.34315 22.0001 3.17157 20.8285C2 19.6569 2 17.7713 2 14.0001C2 10.2288 2 8.34322 3.17157 7.17164C3.82475 6.51846 4.69989 6.22944 6 6.10156\" stroke=\"#C51B2E\" stroke-width=\"1.5\"><\/path><path d=\"M10 6H14\" stroke=\"#C51B2E\" stroke-width=\"1.5\" stroke-linecap=\"round\"><\/path><path d=\"M11 9H13\" stroke=\"#C51B2E\" stroke-width=\"1.5\" stroke-linecap=\"round\"><\/path><path d=\"M8.1589 11.7991L7.43926 11.1994C6.73152 10.6096 6.37764 10.3147 6.18882 9.91156C6 9.50842 6 9.04778 6 8.1265V7C6 4.64298 6 3.46447 6.73223 2.73223C7.46447 2 8.64298 2 11 2H13C15.357 2 16.5355 2 17.2678 2.73223C18 3.46447 18 4.64298 18 7V8.1265C18 9.04778 18 9.50842 17.8112 9.91156C17.6224 10.3147 17.2685 10.6096 16.5607 11.1994L15.8411 11.7991C14.0045 13.3296 13.0861 14.0949 12 14.0949C10.9139 14.0949 9.99553 13.3296 8.1589 11.7991Z\" stroke=\"#C51B2E\" stroke-width=\"1.5\" stroke-linecap=\"round\"><\/path><path d=\"M6 10L8.1589 11.7991C9.99553 13.3296 10.9139 14.0949 12 14.0949C13.0861 14.0949 14.0045 13.3296 15.8411 11.7991L18 10\" stroke=\"#C51B2E\" stroke-width=\"1.5\" stroke-linecap=\"round\"><\/path><\/g><\/svg>\t\t\t\t<\/span>\n\t\t\t<\/div>\n\t\t\t\n\t\t\t\t\t\t<div class=\"elementor-icon-box-content\">\n\n\t\t\t\t\t\t\t\t\t<h3 class=\"elementor-icon-box-title\">\n\t\t\t\t\t\t<span  >\n\t\t\t\t\t\t\te-mail\t\t\t\t\t\t<\/span>\n\t\t\t\t\t<\/h3>\n\t\t\t\t\n\t\t\t\t\t\t\t\t\t<p class=\"elementor-icon-box-description\">\n\t\t\t\t\t\tkontakt@strona.paolaproject.pl\t\t\t\t\t<\/p>\n\t\t\t\t\n\t\t\t<\/div>\n\t\t\t\n\t\t<\/div>\n\t\t\t\t\t\t<\/div>\n\t\t\t\t<\/div>\n\t\t\t\t<div class=\"elementor-element elementor-element-5513b5c elementor-align-left button elementor-widget elementor-widget-button\" data-id=\"5513b5c\" data-element_type=\"widget\" data-widget_type=\"button.default\">\n\t\t\t\t<div class=\"elementor-widget-container\">\n\t\t\t\t\t\t\t\t\t<div class=\"elementor-button-wrapper\">\n\t\t\t\t\t<a class=\"elementor-button elementor-button-link elementor-size-sm\" href=\"#formularz\">\n\t\t\t\t\t\t<span class=\"elementor-button-content-wrapper\">\n\t\t\t\t\t\t\t\t\t<span class=\"elementor-button-text\">Rozpocznijmy wsp\u00f3\u0142prac\u0119<\/span>\n\t\t\t\t\t<\/span>\n\t\t\t\t\t<\/a>\n\t\t\t\t<\/div>\n\t\t\t\t\t\t\t\t<\/div>\n\t\t\t\t<\/div>\n\t\t\t\t<\/div>\n\t\t\t\t<\/div>\n\t\t<div class=\"elementor-element elementor-element-6cf804f e-con-full e-flex e-con e-child\" data-id=\"6cf804f\" data-element_type=\"container\" data-settings=\"{&quot;background_background&quot;:&quot;classic&quot;}\">\n\t\t\t\t<\/div>\n\t\t\t\t<\/div>\n\t\t<div class=\"elementor-element elementor-element-48b522d e-flex e-con-boxed e-con e-parent\" data-id=\"48b522d\" data-element_type=\"container\" data-settings=\"{&quot;background_background&quot;:&quot;classic&quot;}\">\n\t\t\t\t\t<div class=\"e-con-inner\">\n\t\t\t\t<div class=\"elementor-element elementor-element-4a8527c elementor-widget elementor-widget-heading\" data-id=\"4a8527c\" data-element_type=\"widget\" data-widget_type=\"heading.default\">\n\t\t\t\t<div class=\"elementor-widget-container\">\n\t\t\t\t\t<h3 class=\"elementor-heading-title elementor-size-default\">Formularz kontaktowy<\/h3>\t\t\t\t<\/div>\n\t\t\t\t<\/div>\n\t\t\t\t<div class=\"elementor-element elementor-element-44aa901 elementor-widget elementor-widget-heading\" data-id=\"44aa901\" data-element_type=\"widget\" data-widget_type=\"heading.default\">\n\t\t\t\t<div class=\"elementor-widget-container\">\n\t\t\t\t\t<h2 class=\"elementor-heading-title elementor-size-default\">Wype\u0142nij formularz<\/h2>\t\t\t\t<\/div>\n\t\t\t\t<\/div>\n\t\t\t\t<div class=\"elementor-element elementor-element-51ce1e3 elementor-widget__width-initial elementor-widget elementor-widget-text-editor\" data-id=\"51ce1e3\" data-element_type=\"widget\" data-widget_type=\"text-editor.default\">\n\t\t\t\t<div class=\"elementor-widget-container\">\n\t\t\t\t\t\t\t\t\t<p>Masz pytania, pomys\u0142 na wsp\u00f3\u0142prac\u0119 lub potrzebujesz strony internetowej, kt\u00f3ra wyr\u00f3\u017cni Twoj\u0105 mark\u0119?\u00a0<\/p><p>Wype\u0142nij formularz kontaktowy poni\u017cej, a wr\u00f3c\u0119 do Ciebie z odpowiedzi\u0105 najszybciej, jak to mo\u017cliwe. Opisz, czego potrzebujesz, a razem stworzymy co\u015b wyj\u0105tkowego! Nie mog\u0119 si\u0119 doczeka\u0107, \u017ceby pozna\u0107 Twoje pomys\u0142y!<\/p>\t\t\t\t\t\t\t\t<\/div>\n\t\t\t\t<\/div>\n\t\t<div class=\"elementor-element elementor-element-2e69b37 e-con-full e-flex e-con e-child\" data-id=\"2e69b37\" data-element_type=\"container\" data-settings=\"{&quot;background_background&quot;:&quot;classic&quot;}\">\n\t\t\t\t<div class=\"elementor-element elementor-element-1310b7f elementor-widget__width-initial elementor-button-align-stretch elementor-widget elementor-widget-form\" data-id=\"1310b7f\" data-element_type=\"widget\" id=\"formularz\" data-settings=\"{&quot;step_next_label&quot;:&quot;Next&quot;,&quot;step_previous_label&quot;:&quot;Previous&quot;,&quot;button_width&quot;:&quot;100&quot;,&quot;step_type&quot;:&quot;number_text&quot;,&quot;step_icon_shape&quot;:&quot;circle&quot;}\" data-widget_type=\"form.default\">\n\t\t\t\t<div class=\"elementor-widget-container\">\n\t\t\t\t\t\t\t<form class=\"elementor-form\" method=\"post\" name=\"New Form\" aria-label=\"New Form\">\n\t\t\t<input type=\"hidden\" name=\"post_id\" value=\"21\"\/>\n\t\t\t<input type=\"hidden\" name=\"form_id\" value=\"1310b7f\"\/>\n\t\t\t<input type=\"hidden\" name=\"referer_title\" value=\"Kontakt\" \/>\n\n\t\t\t\t\t\t\t<input type=\"hidden\" name=\"queried_id\" value=\"21\"\/>\n\t\t\t\n\t\t\t<div class=\"elementor-form-fields-wrapper elementor-labels-above\">\n\t\t\t\t\t\t\t\t<div class=\"elementor-field-type-text elementor-field-group elementor-column elementor-field-group-name elementor-col-100 elementor-field-required\">\n\t\t\t\t\t\t\t\t\t\t\t\t<label for=\"form-field-name\" class=\"elementor-field-label\">\n\t\t\t\t\t\t\t\tImi\u0119\t\t\t\t\t\t\t<\/label>\n\t\t\t\t\t\t\t\t\t\t\t\t\t\t<input size=\"1\" type=\"text\" name=\"form_fields[name]\" id=\"form-field-name\" class=\"elementor-field elementor-size-sm  elementor-field-textual\" placeholder=\"Wpisz swoje imi\u0119\" required=\"required\">\n\t\t\t\t\t\t\t\t\t\t\t<\/div>\n\t\t\t\t\t\t\t\t<div class=\"elementor-field-type-email elementor-field-group elementor-column elementor-field-group-email elementor-col-50 elementor-field-required\">\n\t\t\t\t\t\t\t\t\t\t\t\t<label for=\"form-field-email\" class=\"elementor-field-label\">\n\t\t\t\t\t\t\t\tEmail\t\t\t\t\t\t\t<\/label>\n\t\t\t\t\t\t\t\t\t\t\t\t\t\t<input size=\"1\" type=\"email\" name=\"form_fields[email]\" id=\"form-field-email\" class=\"elementor-field elementor-size-sm  elementor-field-textual\" placeholder=\"Wpisz sw\u00f3j e-mail\" required=\"required\">\n\t\t\t\t\t\t\t\t\t\t\t<\/div>\n\t\t\t\t\t\t\t\t<div class=\"elementor-field-type-tel elementor-field-group elementor-column elementor-field-group-field_2071bbe elementor-col-50 elementor-field-required\">\n\t\t\t\t\t\t\t\t\t\t\t\t<label for=\"form-field-field_2071bbe\" class=\"elementor-field-label\">\n\t\t\t\t\t\t\t\tTelefon\t\t\t\t\t\t\t<\/label>\n\t\t\t\t\t\t\t\t<input size=\"1\" type=\"tel\" name=\"form_fields[field_2071bbe]\" id=\"form-field-field_2071bbe\" class=\"elementor-field elementor-size-sm  elementor-field-textual\" placeholder=\"Wpisz sw\u00f3j numer telefonu\" required=\"required\" pattern=\"[0-9()#&amp;+*-=.]+\" title=\"Only numbers and phone characters (#, -, *, etc) are accepted.\">\n\n\t\t\t\t\t\t<\/div>\n\t\t\t\t\t\t\t\t<div class=\"elementor-field-type-textarea elementor-field-group elementor-column elementor-field-group-message elementor-col-100 elementor-field-required\">\n\t\t\t\t\t\t\t\t\t\t\t\t<label for=\"form-field-message\" class=\"elementor-field-label\">\n\t\t\t\t\t\t\t\tZadaj mi pytanie lub opisz sw\u00f3j problem\t\t\t\t\t\t\t<\/label>\n\t\t\t\t\t\t<textarea class=\"elementor-field-textual elementor-field  elementor-size-sm\" name=\"form_fields[message]\" id=\"form-field-message\" rows=\"6\" placeholder=\"Wpisz swoj\u0105 wiadomo\u015b\u0107\" required=\"required\"><\/textarea>\t\t\t\t<\/div>\n\t\t\t\t\t\t\t\t<div class=\"elementor-field-type-acceptance elementor-field-group elementor-column elementor-field-group-field_69406d9 elementor-col-100 elementor-field-required\">\n\t\t\t\t\t\t\t<div class=\"elementor-field-subgroup\">\n\t\t\t<span class=\"elementor-field-option\">\n\t\t\t\t<input type=\"checkbox\" name=\"form_fields[field_69406d9]\" id=\"form-field-field_69406d9\" class=\"elementor-field elementor-size-sm  elementor-acceptance-field\" required=\"required\">\n\t\t\t\t<label for=\"form-field-field_69406d9\"><font size=1> Wyra\u017cam zgod\u0119 na przetwarzanie moich danych osobowych zgodnie z ustaw\u0105 o ochronie danych osobowych w\nzwi\u0105zku z realizacj\u0105 zg\u0142oszenia. Podanie danych jest dobrowolne, ale niezb\u0119dne do przetworzenia zapytania. Zosta\u0142em\/am poinformowany\/a, \u017ce przys\u0142uguje mi praw o dost\u0119pu do swoich danych, mo\u017cliwo\u015bci ich poprawiania, \u017c\u0105dania zaprzestania ich przetwarzania. Dane administratora danych osobowych dost\u0119pne s\u0105 w naszej polityce prywatno\u015bci. <u><a href=\"\/polityka-prywatnosci\">Kliknij\nby dowiedzie\u0107 si\u0119 wi\u0119cej. <\/a><\/u><\/font>\n<\/label>\t\t\t<\/span>\n\t\t<\/div>\n\t\t\t\t\t\t<\/div>\n\t\t\t\t\t\t\t\t<div class=\"elementor-field-group elementor-column elementor-field-type-submit elementor-col-100 e-form__buttons\">\n\t\t\t\t\t<button class=\"elementor-button elementor-size-sm\" type=\"submit\">\n\t\t\t\t\t\t<span class=\"elementor-button-content-wrapper\">\n\t\t\t\t\t\t\t\t\t\t\t\t\t\t\t\t\t\t\t\t\t\t<span class=\"elementor-button-text\">Wy\u015blij wiadomo\u015b\u0107<\/span>\n\t\t\t\t\t\t\t\t\t\t\t\t\t<\/span>\n\t\t\t\t\t<\/button>\n\t\t\t\t<\/div>\n\t\t\t<\/div>\n\t\t<\/form>\n\t\t\t\t\t\t<\/div>\n\t\t\t\t<\/div>\n\t\t\t\t<\/div>\n\t\t\t\t\t<\/div>\n\t\t\t\t<\/div>\n\t\t\t\t<\/div>\n\t\t","protected":false},"excerpt":{"rendered":"<p>Zosta\u0144my w kontakcie Skontaktuj si\u0119 ze mn\u0105 WEB DESIGN E-COMMERCE WEBSITE Chcia\u0142aby\u015b ze mn\u0105 pracowa\u0107? Nie mog\u0119 si\u0119 doczeka\u0107. Szukasz profesjonalnego wsparcia w stworzeniu nowoczesnej strony internetowej, kt\u00f3ra wyr\u00f3\u017cni Twoj\u0105 mark\u0119? Skontaktuj si\u0119 ze mn\u0105 i zacznijmy wsp\u00f3\u0142prac\u0119! Specjalizuj\u0119 si\u0119 w projektowaniu i tworzeniu stron internetowych dopasowanych do potrzeb Twojego biznesu, zapewniaj\u0105c estetyk\u0119 oraz funkcjonalno\u015b\u0107. [&hellip;]<\/p>\n","protected":false},"author":1,"featured_media":0,"parent":0,"menu_order":0,"comment_status":"closed","ping_status":"closed","template":"","meta":{"footnotes":""},"class_list":["post-21","page","type-page","status-publish","hentry"],"_links":{"self":[{"href":"https:\/\/strona.paolaproject.pl\/index.php?rest_route=\/wp\/v2\/pages\/21","targetHints":{"allow":["GET"]}}],"collection":[{"href":"https:\/\/strona.paolaproject.pl\/index.php?rest_route=\/wp\/v2\/pages"}],"about":[{"href":"https:\/\/strona.paolaproject.pl\/index.php?rest_route=\/wp\/v2\/types\/page"}],"author":[{"embeddable":true,"href":"https:\/\/strona.paolaproject.pl\/index.php?rest_route=\/wp\/v2\/users\/1"}],"replies":[{"embeddable":true,"href":"https:\/\/strona.paolaproject.pl\/index.php?rest_route=%2Fwp%2Fv2%2Fcomments&post=21"}],"version-history":[{"count":1,"href":"https:\/\/strona.paolaproject.pl\/index.php?rest_route=\/wp\/v2\/pages\/21\/revisions"}],"predecessor-version":[{"id":1961,"href":"https:\/\/strona.paolaproject.pl\/index.php?rest_route=\/wp\/v2\/pages\/21\/revisions\/1961"}],"wp:attachment":[{"href":"https:\/\/strona.paolaproject.pl\/index.php?rest_route=%2Fwp%2Fv2%2Fmedia&parent=21"}],"curies":[{"name":"wp","href":"https:\/\/api.w.org\/{rel}","templated":true}]}}